{"id":1624,"date":"2022-05-10T08:15:45","date_gmt":"2022-05-10T08:15:45","guid":{"rendered":"https:\/\/roskildejob.dk\/?page_id=1624"},"modified":"2026-01-05T17:06:43","modified_gmt":"2026-01-05T17:06:43","slug":"info-til-frivillige-2","status":"publish","type":"page","link":"https:\/\/roskildejob.dk\/de\/info-til-frivillige-2\/","title":{"rendered":"Informationen f\u00fcr Freiwillige"},"content":{"rendered":"<style type=\"text\/css\" data-created_by=\"avia_inline_auto\" id=\"style-css-av-32e0iw-87bf56c2787ef1ff4037713d1f70ac34\">\n#top .av-special-heading.av-32e0iw-87bf56c2787ef1ff4037713d1f70ac34{\npadding-bottom:10px;\n}\nbody .av-special-heading.av-32e0iw-87bf56c2787ef1ff4037713d1f70ac34 .av-special-heading-tag .heading-char{\nfont-size:25px;\n}\n.av-special-heading.av-32e0iw-87bf56c2787ef1ff4037713d1f70ac34 .av-subheading{\nfont-size:15px;\n}\n<\/style>\n<div  class='av-special-heading av-32e0iw-87bf56c2787ef1ff4037713d1f70ac34 av-special-heading-h1  avia-builder-el-0  el_before_av_two_third  avia-builder-el-first'><h1 class='av-special-heading-tag'  itemprop=\"headline\"  >Freiwillige Campingwirte<\/h1><div class=\"special-heading-border\"><div class=\"special-heading-inner-border\"><\/div><\/div><\/div>\n\n<style type=\"text\/css\" data-created_by=\"avia_inline_auto\" id=\"style-css-av-nn0m-14278db07b511f40cbe849c6a5ceeb47\">\n.flex_column.av-nn0m-14278db07b511f40cbe849c6a5ceeb47{\n-webkit-border-radius:0px 0px 0px 0px;\n-moz-border-radius:0px 0px 0px 0px;\nborder-radius:0px 0px 0px 0px;\npadding:0px 0px 0px 0px;\n}\n<\/style>\n<div class='flex_column av-nn0m-14278db07b511f40cbe849c6a5ceeb47 av_two_third  avia-builder-el-1  el_after_av_heading  el_before_av_hr  first flex_column_div av-zero-column-padding'     ><p><section  class='av_textblock_section av-k61zjgs3-f3e343f727107a9fb9e0560e51e5a725'  itemscope=\"itemscope\" itemtype=\"https:\/\/schema.org\/CreativeWork\" ><div class='avia_textblock manchet'  itemprop=\"text\" ><p>Als Campingplatz-Gastgeber tragen Sie dazu bei, dass sich alle in unserem Einzugsgebiet wohl und zu Hause f\u00fchlen. Alle Freiwilligen sind in einem Team eingeschrieben, von denen jedes w\u00e4hrend des Festivals vier 8-Stunden-Schichten hat.<\/p>\n<\/div><\/section><br \/>\n<section  class='av_textblock_section av-k61zkcty-edf5536d1a702f247d21c87fc6be30a2'  itemscope=\"itemscope\" itemtype=\"https:\/\/schema.org\/CreativeWork\" ><div class='avia_textblock'  itemprop=\"text\" ><h2>Was wirst du machen<\/h2>\n<p><span style=\"font-weight: 400;\">Unsere Aufgabe beim Roskilde Festival besteht in erster Linie darin, Gastgeber auf den Campingpl\u00e4tzen Caravan North und Caravan South zu sein.<br \/>\n<\/span><\/p>\n<p><span style=\"font-weight: 400;\">Als Campingwirte ist es unsere Aufgabe, daf\u00fcr zu sorgen, dass sich alle auf unserem Gel\u00e4nde wohl und zu Hause f\u00fchlen. Wir verteilen jede Menge M\u00fclls\u00e4cke und beantworten jede Menge Fragen. Wir m\u00fcssen au\u00dferdem Brandwache halten, die Toiletten reinigen, Pf\u00f6rtner sein und ganz allgemein einfach gute Gastgeber sein.<\/span><\/p>\n<p>Jede Schicht ist in 2 unabh\u00e4ngige Gruppen unterteilt. Eine Gruppe deckt Caravan North und die andere Gruppe Caravan South ab. Bei Bedarf k\u00f6nnen Sie flexibel zwischen den beiden Gruppen wechseln. Dies wird vom diensthabenden Manager festgelegt.<\/p>\n<p><span style=\"font-weight: 400;\">Auf jeder Schicht wird das einzelne Schichtteam in Teams aufgeteilt, die w\u00e4hrend der Schicht zwischen den verschiedenen Aufgaben wechseln.\u00a0<\/span><\/p>\n<p><span style=\"font-weight: 400;\">In jedem Bereich ist immer ein fester Teamleiter bei Ihnen im Einsatz. Der Teamleiter stellt sicher, dass alle Aufgaben gleichm\u00e4\u00dfig verteilt sind. Es ist auch der Manager, an den Sie sich als Freiwilliger wenden. Und wenn w\u00e4hrend der Schicht Probleme oder Fragen auftauchen, k\u00f6nnen Sie sich jederzeit an den Teamleiter wenden.<\/span><\/p>\n<p><span style=\"font-weight: 400;\">Die genauen Details der Arbeit werden Ihnen bei der Anmeldung zugesandt.<\/span><\/p>\n<h2>Wann und wie viel sollten Sie sich freiwillig engagieren?<\/h2>\n<p><span style=\"font-weight: 400;\">Als ehrenamtlicher Campinggastgeber bei uns hast du 4 Schichten \u00e0 8 Stunden. Sie verteilen sich \u00fcber die gesamte Festivalwoche. Einige der Wachen l\u00fcgen, w\u00e4hrend die Musik auf den gro\u00dfen B\u00fchnen spielt, andere l\u00fcgen davor und danach.<\/span><\/p>\n<p><span style=\"font-weight: 400;\">Sie m\u00fcssen sowohl Tagschichten, Abendschichten als auch Nachtschichten haben. Es gibt drei Schichten pro Tag. Jede Schicht dauert acht Stunden.<\/span><\/p>\n<p><span style=\"font-weight: 400;\">Die erste Schicht trifft sich um 07.00 Uhr morgens, damit die Nachtschicht nach Hause kommen und schlafen kann. Zweite Schicht trifft sich um 15.00 Uhr, damit das Morgenteam feiern kann. Die dritte Schicht trifft sich um 23.00 Uhr, also kann die Sp\u00e4tschicht kann die letzte Partei erreichen.<\/span><\/p>\n<p><span style=\"font-weight: 400;\">Es ist wichtig, dass Sie rechtzeitig eintreffen, damit Ihre Kollegen der vorherigen Schicht ihre Arbeit aufnehmen k\u00f6nnen. F\u00fcr ein gutes Arbeitsklima im Team ist es nat\u00fcrlich auch wichtig, dass alle mit einer positiven und offenen Einstellung kommen \u2013 sowohl gegen\u00fcber dem restlichen Team als auch gegen\u00fcber den fr\u00f6hlichen und festlichen Festivalg\u00e4sten.<\/span><\/p>\n<h2>Sie w\u00e4hlen Ihre Schichten selbst aus<\/h2>\n<p><span style=\"font-weight: 400;\">Wenn Sie sich bei uns als freiwilliger Camping-Gastgeber registrieren, w\u00e4hlen Sie Ihre Bewacher selbst aus. Wenn Sie sich in People registrieren, gehen Sie zum &quot;Schichtplan&quot; und w\u00e4hlen die gew\u00fcnschten Schichten aus.<\/span><\/p>\n<p>\u2013 Sie m\u00fcssen 4 Schichten w\u00e4hlen.<br \/>\n\u2013 Sie m\u00fcssen 1 Tagschicht (Gold), 1 Abendschicht (Silber), 1 Nachtschicht (Bronze) + 1 optionale Tag-\/Abend-\/Nachtschicht w\u00e4hlen.<br \/>\n- Zwischen zwei Schichten muss mindestens 1 Schicht liegen.<br \/>\n- Sie m\u00fcssen zwei Schichten haben, bevor die Musik beginnt.<br \/>\n- Sie m\u00fcssen w\u00e4hrend der Musikperiode zwei Schichten haben.<\/p>\n<p>Sie haben nun die M\u00f6glichkeit, genau die Schichten auszuw\u00e4hlen, die zu Ihnen passen.<\/p>\n<p><span style=\"font-weight: 400;\">In der folgenden Tabelle k\u00f6nnen Sie sehen, wann die verschiedenen Teams Schichten haben. Und anhand dieses Plans k\u00f6nnen Sie einsch\u00e4tzen, welches Team am besten zu Ihnen passt \u2013 so sehen Sie zum Beispiel sicher Ihre Lieblingsband.<\/span><\/p>\n<h2>Anmeldung und Dienstplan<\/h2>\n<p><span style=\"font-weight: 400;\">Die Anmeldung als ehrenamtlicher Campinggastgeber bei #Roskildejob erfolgt \u00fcber <\/span><i><span style=\"font-weight: 400;\">Menschen<\/span><\/i><span style=\"font-weight: 400;\">, das IT-System des Roskilde Festivals f\u00fcr Freiwillige.\u00a0<\/span><\/p>\n<p><span style=\"font-weight: 400;\">Wenn Sie bereits bei uns ehrenamtlich t\u00e4tig waren, k\u00f6nnen Sie sich mit Ihrem alten Login anmelden. Wenn Sie sich zum ersten Mal ehrenamtlich bei uns engagieren m\u00f6chten, m\u00fcssen Sie ein Profil erstellen.<\/span><\/p>\n<h3>Erstelle ein Profil bei People, wenn du neu als Freiwilliger bist<\/h3>\n<p>Um ein Profil in People zu erstellen, k\u00f6nnen Sie auf den Link unten klicken. Sie gelangen direkt dorthin, wo Sie ein Profil erstellen k\u00f6nnen. F\u00fcllen Sie die Felder aus und klicken Sie auf \u201eErstellen\u201c.<\/p>\n<p>Am einfachsten ist es f\u00fcr Sie auch, wenn Sie diesen Link verwenden und nicht direkt auf die Startseite von People gehen \u2013 so werden Sie automatisch mit #roskildejob verbunden. Andernfalls m\u00fcssen Sie eine E-Mail an senden <a href=\"mailto:info@roskildejob.dk\">info@roskildejob.dk<\/a>\u00a0und bitten Sie, dass wir Sie mit uns verbinden.<\/p>\n<p><span style=\"font-weight: 400;\">Nachdem Sie Ihr Profil erstellt haben, wird es uns zur Genehmigung \u00fcbermittelt. Sobald wir Sie zugelassen haben, erhalten Sie eine E-Mail-Best\u00e4tigung. Danach k\u00f6nnen Sie sich anmelden und einen Schichtplan ausw\u00e4hlen usw.<\/span><\/p>\n<p><a href=\"https:\/\/people-vol.roskilde-festival.dk\/bliv-frivillig\/?guid=582ad3bd-41da-4c6c-b7dc-b2d11a773a37\" target=\"_blank\" rel=\"noopener\"><span style=\"font-weight: 400;\">Erstellen Sie ein Profil auf Personen<\/span><\/a><\/p>\n<h3>Sie m\u00fcssen trotzdem aktiviert werden, auch wenn Sie sich zuvor ebenfalls freiwillig gemeldet haben<\/h3>\n<p><span style=\"font-weight: 400;\">Wenn Sie sich bereits beim Roskilde Festival als Freiwilliger gemeldet haben, k\u00f6nnen Sie sich mit Ihrem vorherigen Profil bei People anmelden. Sie m\u00fcssen jedoch noch von uns freigeschaltet werden, bevor Sie Schichtpl\u00e4ne etc. ausw\u00e4hlen k\u00f6nnen.<\/span><\/p>\n<p><span style=\"font-weight: 400;\">Um sich bei People anzumelden, m\u00fcssen Sie zur Startseite des Systems gehen oder auf die Registerkarte \u201eAnmelden\u201c klicken. Hier melden Sie sich mit dem Login an, das Sie auch zuvor verwendet haben.<\/span><\/p>\n<p><span style=\"font-weight: 400;\">Bevor Sie sich f\u00fcr Schichtpl\u00e4ne und \u00e4hnliches anmelden k\u00f6nnen, m\u00fcssen Sie von uns freigeschaltet werden. Warten Sie auf eine Best\u00e4tigungs-E-Mail.<\/span><\/p>\n<h3>Melden Sie sich f\u00fcr Schichten an<\/h3>\n<p><span style=\"font-weight: 400;\">Nachdem Sie entweder ein Profil erstellt und genehmigt oder Ihr bestehendes Profil aktiviert haben, k\u00f6nnen Sie sich f\u00fcr Schichten anmelden.<\/span><\/p>\n<p><span style=\"font-weight: 400;\">Melden Sie sich mit Ihrem Login bei People an und klicken Sie auf Schichtplan. Jetzt k\u00f6nnen Sie sich f\u00fcr die Schichten anmelden, die am besten zu Ihnen passen.<\/span><\/p>\n<h2><\/h2>\n<\/div><\/section><br \/>\n<div  class='avia-button-wrap av-k66diij0-7fb1d4075f436476b8f18639486b8e27-wrap avia-button-center  avia-builder-el-4  el_after_av_textblock  avia-builder-el-last'>\n<style type=\"text\/css\" data-created_by=\"avia_inline_auto\" id=\"style-css-av-k66diij0-7fb1d4075f436476b8f18639486b8e27\">\n#top #wrap_all .avia-button.av-k66diij0-7fb1d4075f436476b8f18639486b8e27{\nbackground-color:#ee7203;\nborder-color:#ee7203;\ncolor:#ffffff;\n-webkit-transition:all 0.4s ease-in-out;\n-moz-transition:all 0.4s ease-in-out;\n-ms-transition:all 0.4s ease-in-out;\n-o-transition:all 0.4s ease-in-out;\ntransition:all 0.4s ease-in-out;\n}\n<\/style>\n<a href='https:\/\/people-vol.roskilde-festival.dk\/bliv-frivillig\/?guid=427fd60c-28b8-41f4-890d-dff4101bd383' class='avia-button av-k66diij0-7fb1d4075f436476b8f18639486b8e27 avia-icon_select-yes-right-icon avia-size-large avia-position-center' target=\"_blank\" rel=\"noopener noreferrer\"><span class='avia_iconbox_title' >Roskildejob registrieren<\/span><span class='avia_button_icon avia_button_icon_right' aria-hidden='true' data-av_icon='\ue832' data-av_iconfont='entypo-fontello'><\/span><\/a><\/div><\/p><\/div><div  class='hr av-2d0b08-e037c9e51d6259ffce8b4b8f8cf18c3d hr-default  avia-builder-el-5  el_after_av_two_third  el_before_av_textblock'><span class='hr-inner'><span class=\"hr-inner-style\"><\/span><\/span><\/div><\/p>\n<section  class='av_textblock_section av-kzml3nyn-d320cec0c13c07790fd25a9391957b29'  itemscope=\"itemscope\" itemtype=\"https:\/\/schema.org\/CreativeWork\" ><div class='av-desktop-hide av-medium-hide av-small-hide avia_textblock'  itemprop=\"text\" ><p><a href=\"https:\/\/roskildejob.dk\/wp-content\/uploads\/2024\/01\/vagplan-frivillige-2024.png\" target=\"_blank\" rel=\"noopener\">Siehe Dienstplan<\/a><\/p>\n<\/div><\/section>\n\n<style type=\"text\/css\" data-created_by=\"avia_inline_auto\" id=\"style-css-av-kzml3wcv-d6a94bc1790e6c80b13b022e20b98c32\">\n#top .hr.hr-invisible.av-kzml3wcv-d6a94bc1790e6c80b13b022e20b98c32{\nheight:50px;\n}\n<\/style>\n<div  class='hr av-kzml3wcv-d6a94bc1790e6c80b13b022e20b98c32 hr-invisible  avia-builder-el-7  el_after_av_textblock  el_before_av_table  av-desktop-hide av-medium-hide av-small-hide'><span class='hr-inner'><span class=\"hr-inner-style\"><\/span><\/span><\/div>\n<div class='avia-data-table-wrap av-67d0se-8de4622b560782fcf6aa92d934f31495 avia_responsive_table av-mini-hide avia-table-1'><table  class='avia-table avia-data-table avia_pricing_default  avia-builder-el-8  el_after_av_hr  avia-builder-el-last'  itemscope=\"itemscope\" itemtype=\"https:\/\/schema.org\/Table\" ><tbody><tr class='avia-heading-row'><th class=''>Dienstzeit<\/th><th class=''>Samstag<\/th><th class=''>Sonntag<\/th><th class=''>Montag<\/th><th class=''>Dienstag<\/th><th class=''>Mittwoch<\/th><th class=''>Donnerstag<\/th><th class=''>Freitag<\/th><th class=''>Samstag<\/th><th class=''>Sonntag<\/th><\/tr><tr class=''><td class=''>Fr\u00fchschicht<br \/>\n(07.00-15.00)<\/td><td class=''>X<\/td><td class=''>X<\/td><td class=''>X<\/td><td class=''>X<\/td><td class=''>X<\/td><td class=''>X<\/td><td class=''>X<\/td><td class=''>X<\/td><td class=''>X<\/td><\/tr><tr class=''><td class=''>Abendschicht<br \/>\n(15.00-23.00)<\/td><td class=''>X<\/td><td class=''>X<\/td><td class=''>X<\/td><td class=''>X<\/td><td class=''>X<\/td><td class=''>X<\/td><td class=''>X<\/td><td class=''>X<\/td><td class=''>X<br \/>\n(10-17)<\/td><\/tr><tr class=''><td class=''>Nachtw\u00e4chter<br \/>\n(23.00-07.00)<\/td><td class=''>X<\/td><td class=''>X<\/td><td class=''>X<\/td><td class=''>X<\/td><td class=''>X<\/td><td class=''>X<\/td><td class=''>X<\/td><td class=''>X<\/td><td class=''><\/td><\/tr><\/tbody><\/table><\/div><style type='text\/css'>.avia-table-1 td:nth-of-type(1):before { content: 'Vagtperiode'; } .avia-table-1 td:nth-of-type(2):before { content: 'L\u00f8rdag'; } .avia-table-1 td:nth-of-type(3):before { content: 'S\u00f8ndag'; } .avia-table-1 td:nth-of-type(4):before { content: 'Mandag'; } .avia-table-1 td:nth-of-type(5):before { content: 'Tirsdag'; } .avia-table-1 td:nth-of-type(6):before { content: 'Onsdag'; } .avia-table-1 td:nth-of-type(7):before { content: 'Torsdag'; } .avia-table-1 td:nth-of-type(8):before { content: 'Fredag'; } .avia-table-1 td:nth-of-type(9):before { content: 'L\u00f8rdag'; } .avia-table-1 td:nth-of-type(10):before { content: 'S\u00f8ndag'; } <\/style>","protected":false},"excerpt":{"rendered":"","protected":false},"author":5,"featured_media":0,"parent":0,"menu_order":0,"comment_status":"closed","ping_status":"closed","template":"","meta":{"footnotes":""},"class_list":["post-1624","page","type-page","status-publish","hentry"],"_links":{"self":[{"href":"https:\/\/roskildejob.dk\/de\/wp-json\/wp\/v2\/pages\/1624","targetHints":{"allow":["GET"]}}],"collection":[{"href":"https:\/\/roskildejob.dk\/de\/wp-json\/wp\/v2\/pages"}],"about":[{"href":"https:\/\/roskildejob.dk\/de\/wp-json\/wp\/v2\/types\/page"}],"author":[{"embeddable":true,"href":"https:\/\/roskildejob.dk\/de\/wp-json\/wp\/v2\/users\/5"}],"replies":[{"embeddable":true,"href":"https:\/\/roskildejob.dk\/de\/wp-json\/wp\/v2\/comments?post=1624"}],"version-history":[{"count":27,"href":"https:\/\/roskildejob.dk\/de\/wp-json\/wp\/v2\/pages\/1624\/revisions"}],"predecessor-version":[{"id":2227,"href":"https:\/\/roskildejob.dk\/de\/wp-json\/wp\/v2\/pages\/1624\/revisions\/2227"}],"wp:attachment":[{"href":"https:\/\/roskildejob.dk\/de\/wp-json\/wp\/v2\/media?parent=1624"}],"curies":[{"name":"wp","href":"https:\/\/api.w.org\/{rel}","templated":true}]}}