{"id":1722,"date":"2022-11-27T12:20:14","date_gmt":"2022-11-27T12:20:14","guid":{"rendered":"https:\/\/roskildejob.dk\/?page_id=1722"},"modified":"2026-01-05T17:03:45","modified_gmt":"2026-01-05T17:03:45","slug":"det-tilbyder-vi-2","status":"publish","type":"page","link":"https:\/\/roskildejob.dk\/de\/det-tilbyder-vi-2\/","title":{"rendered":"Das bieten wir an"},"content":{"rendered":"<style type=\"text\/css\" data-created_by=\"avia_inline_auto\" id=\"style-css-av-1xie7e-008450a0e94d2fcb14072934a66021e9\">\n#top .av-special-heading.av-1xie7e-008450a0e94d2fcb14072934a66021e9{\npadding-bottom:10px;\n}\nbody .av-special-heading.av-1xie7e-008450a0e94d2fcb14072934a66021e9 .av-special-heading-tag .heading-char{\nfont-size:25px;\n}\n.av-special-heading.av-1xie7e-008450a0e94d2fcb14072934a66021e9 .av-subheading{\nfont-size:15px;\n}\n<\/style>\n<div  class='av-special-heading av-1xie7e-008450a0e94d2fcb14072934a66021e9 av-special-heading-h1  avia-builder-el-0  el_before_av_two_third  avia-builder-el-first'><h1 class='av-special-heading-tag'  itemprop=\"headline\"  >Das bieten wir an<\/h1><div class=\"special-heading-border\"><div class=\"special-heading-inner-border\"><\/div><\/div><\/div>\n\n<style type=\"text\/css\" data-created_by=\"avia_inline_auto\" id=\"style-css-av-wshk-53572a4531c6490124779eb7ee267bde\">\n.flex_column.av-wshk-53572a4531c6490124779eb7ee267bde{\n-webkit-border-radius:0px 0px 0px 0px;\n-moz-border-radius:0px 0px 0px 0px;\nborder-radius:0px 0px 0px 0px;\npadding:0px 0px 0px 0px;\n}\n<\/style>\n<div class='flex_column av-wshk-53572a4531c6490124779eb7ee267bde av_two_third  avia-builder-el-1  el_after_av_heading  avia-builder-el-last  first flex_column_div av-zero-column-padding'     ><p><section  class='av_textblock_section av-k6qg0rta-8dd4e89992adff90ac283ad8699dee34'  itemscope=\"itemscope\" itemtype=\"https:\/\/schema.org\/CreativeWork\" ><div class='avia_textblock manchet'  itemprop=\"text\" ><p>Durch ein Volontariat bei uns #Roskildejob \u2013 zum Beispiel als Campinghost \u2013 kommst du mit zum Roskilde Festival und wirst gleichzeitig Teil eines starken Teams mit gutem Zusammenhalt.<\/p>\n<\/div><\/section><br \/>\n<section  class='av_textblock_section av-k6qg27ly-0278c389d49e962314c6ebe4ee0d0f41'  itemscope=\"itemscope\" itemtype=\"https:\/\/schema.org\/CreativeWork\" ><div class='avia_textblock'  itemprop=\"text\" ><p><span style=\"font-weight: 400;\">Die meisten unserer Freiwilligen sind Camp-Gastgeber in den gem\u00fctlichen und ruhigen Gebieten Caravan North und Caravan South. Als Camping-Gastgeber behalten wir den \u00dcberblick \u00fcber das Campinggel\u00e4nde und sorgen daf\u00fcr, dass sich alle wohlf\u00fchlen.<\/span><\/p>\n<p><span style=\"font-weight: 400;\">Dar\u00fcber hinaus sind ein kleinerer Teil unserer Freiwilligen Teamleiter f\u00fcr die Campingplatzwirte oder Serviceleiter.<\/span><\/p>\n<p><span style=\"font-weight: 400;\">&gt; <\/span><a href=\"https:\/\/roskildejob.dk\/de\/info-til-frivillige\/\"><span style=\"font-weight: 400;\">Aufgaben und Dienstplan f\u00fcr Campingwirte<\/span><\/a><\/p>\n<p><span style=\"font-weight: 400;\">&gt; <\/span><a href=\"https:\/\/roskildejob.dk\/de\/info-til-holdledere\/\"><span style=\"font-weight: 400;\">Aufgaben und Schichtplan f\u00fcr Teamleiter<\/span><\/a><\/p>\n<p><span style=\"font-weight: 400;\">&gt; <\/span><a href=\"https:\/\/roskildejob.dk\/de\/info-til-service-managers\/\"><span style=\"font-weight: 400;\">Aufgaben und Dienstplan f\u00fcr Service Manager<\/span><\/a><\/p>\n<h2>Das machen wir beim Roskilde Festival<\/h2>\n<p><span style=\"font-weight: 400;\">Unsere Aufgabe beim Roskilde Festival ist es, Caravan auszurichten. Hier sind Wohnwagen und Motorradfahrer untergebracht. Dies sind angenehme Gegenden mit vielen etablierten Camps, einer guten Atmosph\u00e4re und einer guten Gemeinschaft.\u00a0<\/span><\/p>\n<p><span style=\"font-weight: 400;\">Als Campingplatz-Gastgeber haben wir die Aufgabe, daf\u00fcr zu sorgen, dass sich alle in dem von uns betreuten Gebiet wohl und zu Hause f\u00fchlen. Wir beantworten Fragen, verteilen Abfalls\u00e4cke und haben Spa\u00df mit den G\u00e4sten. Wir gehen auch in den Feuerwehrdienst, halten die Toiletten bereit und sind generell gute Gastgeber.<\/span><\/p>\n<p><span style=\"font-weight: 400;\">Die genauen Details der Aufgabe erhalten Sie, wenn Sie sich bei uns als Volunteer anmelden.<\/span><\/p>\n<h2>So viel muss man ehrenamtlich leisten \u2013 und das bekommt man daf\u00fcr<\/h2>\n<p><span style=\"font-weight: 400;\">Als ehrenamtlicher Camping-Gastgeber bei uns hast du vier 8-Stunden-Schichten, verteilt \u00fcber die gesamte Festivalwoche. Manche Wachen legen sich deshalb hin, w\u00e4hrend auf den gro\u00dfen B\u00fchnen die Musik spielt; andere liegen davor und danach.<\/span><\/p>\n<p><span style=\"font-weight: 400;\">Als Gegenleistung erhalten Sie:<\/span><\/p>\n<p>\u2013 das Festivalarmband,<br \/>\n\u2013 Speisen und Getr\u00e4nke in unserer Basis w\u00e4hrend des gesamten Festivals,<br \/>\n\u2013 freier Zugang zu den hinteren Bereichen,<br \/>\n\u2013 Zugang zum ganz besonderen Campingbereich #Roskildejob (befindet sich im Caravan N)<br \/>\n\u2013 Zugang zum Buchen von Freiwilligen-Camping<br \/>\n- M\u00f6glichkeit sich anzumelden <a href=\"https:\/\/roskildejob.dk\/de\/klub-roskildejob\/\">Klub-Roskilde-Job und erhalten Sie kostenloses Bier und Wasser in unserer Basis<\/a><\/p>\n<p><span style=\"font-weight: 400;\">- und dann wirst du Teil einer starken Gemeinschaft, in der wir gemeinsam viel Spa\u00df haben.<\/span><\/p>\n<p><span style=\"font-weight: 400;\">Sie w\u00e4hlen Ihre Schichten selbst aus. Es wird zwei oder drei vor dem Festival und ein oder zwei w\u00e4hrend des Festivals geben. Vielleicht bilden Sie ein vereintes Team von Freunden, vielleicht m\u00f6chten Sie verschiedene Leute in den verschiedenen Schichten treffen, weil jeder w\u00e4hlen kann.<\/span><\/p>\n<p><span style=\"font-weight: 400;\">Sie k\u00f6nnen sehen, wie die Schichten verteilt sind <\/span><span style=\"font-weight: 400;\">Seite mit Informationen und Dienstplan f\u00fcr die ehrenamtlichen Campingwirte<\/span><\/p>\n<h2>F\u00fcr die Teilnahme ist keine Erfahrung erforderlich<\/h2>\n<p><span style=\"font-weight: 400;\">Wenn Sie den Mut haben, sich bei uns ehrenamtlich zu engagieren und Teil unserer Gruppe beim Roskilde Festival zu sein, brauchen Sie sich nur anzumelden \u2013 dann haben wir sicher eine Aufgabe f\u00fcr Sie.<\/span><\/p>\n<p><span style=\"font-weight: 400;\">Sie m\u00fcssen keine Vorerfahrung als Volunteer beim Roskilde Festival haben, um mitzumachen \u2013 oder aus unserer Gruppe. Wir sind seit mehreren Jahren ehrenamtlich auf dem Festival t\u00e4tig, kennen die Aufgaben also sehr gut \u2013 und k\u00f6nnen Ihnen daher leicht helfen und Ihnen beibringen, was n\u00f6tig ist, wenn Sie neu sind.<\/span><\/p>\n<p><span style=\"font-weight: 400;\">Alles, was wir brauchen, ist gute Laune und eine ernsthafte Herangehensweise an die Aufgabe.<\/span><\/p>\n<h2>Hier finden Sie uns auf dem Festival<\/h2>\n<p><span style=\"font-weight: 400;\">Auf dem Campinggel\u00e4nde haben wir einen festen Platz, an dem Sie uns finden \u2013 und der auch Treffpunkt ist, wenn Ihre Schicht beginnt.\u00a0<\/span><\/p>\n<p><span style=\"font-weight: 400;\">Wo genau das sein wird, wissen wir allerdings noch nicht. Sobald wir den genauen Standort kennen, k\u00f6nnen Sie ihn auf dieser Seite auf einer Karte sehen.<\/span><\/p>\n<h2>Wie man sich registriert<\/h2>\n<p><span style=\"font-weight: 400;\">Wenn Sie sich bei #roskildejob beim Roskilde Festival engagieren m\u00f6chten, k\u00f6nnen Sie sich \u00fcber das IT-System People des Roskilde Festivals registrieren. Auf der Unterseite zu \u201eInfos f\u00fcr Freiwillige\u201c kannst du mehr dar\u00fcber erfahren, wie du dich anmelden kannst.<\/span><\/p>\n<p><a href=\"https:\/\/roskildejob.dk\/de\/info-til-frivillige-2\/\"><span style=\"font-weight: 400;\">Lesen Sie mehr \u00fcber die Registrierung als Freiwilliger<\/span><\/a><\/p>\n<p><span style=\"font-weight: 400;\">Wenn Sie Teamleiter werden m\u00f6chten, m\u00fcssen Sie sich \u00fcber die verschiedenen Links auf der Seite \u201eInfos f\u00fcr Teamleiter\u201c anmelden.<\/span><\/p>\n<\/div><\/section><br \/>\n<div class='avia-data-table-wrap av-3viws0-bc5e713565bcd00ba8d2ec8dbec4caf5 avia_responsive_table avia-table-1'><table  class='avia-table avia-data-table avia_pricing_default  avia-builder-el-4  el_after_av_textblock  el_before_av_textblock'  itemscope=\"itemscope\" itemtype=\"https:\/\/schema.org\/Table\" ><tbody><tr class=''><td class='avia-highlight-col'>Ticket und Armband<\/td><td class=''>Nat\u00fcrlich bekommst du dein B\u00e4ndchen mit vollem Zugang zum Festival und der M\u00f6glichkeit, Teil einer angenehmen freiwilligen Gemeinschaft zu sein.<\/td><\/tr><\/tbody><\/table><\/div><br \/>\n<section  class='av_textblock_section av-k6qg6qw6-62890129d26841e2b3a108d3e648a280'  itemscope=\"itemscope\" itemtype=\"https:\/\/schema.org\/CreativeWork\" ><div class='avia_textblock'  itemprop=\"text\" ><p>Au\u00dferdem erhalten Sie Folgendes:<\/p>\n<\/div><\/section><br \/>\n<div class='avia-data-table-wrap av-37tkvc-6cc5f941c7ecea5f6912ab4138789546 avia_responsive_table avia-table-2'><table  class='avia-table avia-data-table avia_pricing_default  avia-builder-el-6  el_after_av_textblock  el_before_av_textblock'  itemscope=\"itemscope\" itemtype=\"https:\/\/schema.org\/Table\" ><tbody><tr class=''><td class='avia-highlight-col'>Kostenloses mobiles Aufladen<br \/>\n<\/td><td class=''>Sie k\u00f6nnen Ihr Handy usw. aufladen. kostenlos, wenn Sie bei uns auf Abruf sind. Sie m\u00fcssen nur an Ihre eigenen Ladeger\u00e4te denken.<\/td><\/tr><tr class=''><td class='avia-highlight-col'>Kostenloses Essen und Trinken<\/td><td class=''>Alle Freiwilligen erhalten w\u00e4hrend des Dienstes eine Hauptmahlzeit. Wir bieten auch Fr\u00fchst\u00fcck, viel Toast und Getr\u00e4nke w\u00e4hrend deiner Schicht an.<\/td><\/tr><tr class=''><td class='avia-highlight-col'>Kostenloser Mitarbeiterbus<\/td><td class=''>Zugang zum Mitarbeiterbus, der einen Pendelverkehr zwischen Eingang Ost und Eingang West mit Zwischenstopps betreibt. Das ist praktisch, wenn Sie weit weg wohnen.<\/td><\/tr><tr class=''><td class='avia-highlight-col'>Fr\u00fcher Zugang zum Festivalgel\u00e4nde<\/td><td class=''>Zugang zum Festival vor Er\u00f6ffnung und die M\u00f6glichkeit, Teil der \u201eStart-up-Atmosph\u00e4re\u201c unter den Freiwilligen zu sein. Es ist eine fantastische Erfahrung.<\/td><\/tr><tr class=''><td class='avia-highlight-col'>Zugang zum Personalbereich hinter den Kulissen<\/td><td class=''>Zugang zu den hinteren Bereichen, einschlie\u00dflich der Volunteer-Barbereiche Volunteer Village hinter der Arena-B\u00fchne.<\/td><\/tr><\/tbody><\/table><\/div><br \/>\n<section  class='av_textblock_section av-k6qgcynd-1c8fd9cc5c88b57f2d14aa2eabc1de07'  itemscope=\"itemscope\" itemtype=\"https:\/\/schema.org\/CreativeWork\" ><div class='avia_textblock'  itemprop=\"text\" ><p><span style=\"font-weight: 400;\">Beachten Sie, dass das Armband, das Sie als Freiwilliger erhalten, NICHT eines der regul\u00e4ren Stoffarmb\u00e4nder ist, die zahlende G\u00e4ste erhalten. Stattdessen erhalten Sie ein spezielles Mitarbeiterarmband. Es bietet jedoch den gleichen Zugang zum Festival wie das normale Armband \u2013 und mehr. In der Vergangenheit war es m\u00f6glich, Ihr Mitarbeiterarmband nach dem Festival umzutauschen, indem Sie das gebrauchte Mitarbeiterarmband und einen frankierten R\u00fcckumschlag mit Ihrer eigenen Adresse einsenden.<\/span><\/p>\n<h2>Haben Sie Fragen oder Zweifel?<\/h2>\n<p><span style=\"font-weight: 400;\">Haben Sie Zweifel an etwas? Dann schreiben Sie uns an <\/span><a href=\"mailto:info@roskildejob.dk\"><span style=\"font-weight: 400;\">info@roskildejob.dk<\/span><\/a><\/p>\n<\/div><\/section><\/p><\/div>","protected":false},"excerpt":{"rendered":"","protected":false},"author":5,"featured_media":0,"parent":0,"menu_order":0,"comment_status":"closed","ping_status":"closed","template":"","meta":{"footnotes":""},"class_list":["post-1722","page","type-page","status-publish","hentry"],"_links":{"self":[{"href":"https:\/\/roskildejob.dk\/de\/wp-json\/wp\/v2\/pages\/1722","targetHints":{"allow":["GET"]}}],"collection":[{"href":"https:\/\/roskildejob.dk\/de\/wp-json\/wp\/v2\/pages"}],"about":[{"href":"https:\/\/roskildejob.dk\/de\/wp-json\/wp\/v2\/types\/page"}],"author":[{"embeddable":true,"href":"https:\/\/roskildejob.dk\/de\/wp-json\/wp\/v2\/users\/5"}],"replies":[{"embeddable":true,"href":"https:\/\/roskildejob.dk\/de\/wp-json\/wp\/v2\/comments?post=1722"}],"version-history":[{"count":9,"href":"https:\/\/roskildejob.dk\/de\/wp-json\/wp\/v2\/pages\/1722\/revisions"}],"predecessor-version":[{"id":2117,"href":"https:\/\/roskildejob.dk\/de\/wp-json\/wp\/v2\/pages\/1722\/revisions\/2117"}],"wp:attachment":[{"href":"https:\/\/roskildejob.dk\/de\/wp-json\/wp\/v2\/media?parent=1722"}],"curies":[{"name":"wp","href":"https:\/\/api.w.org\/{rel}","templated":true}]}}