{"id":1731,"date":"2022-11-27T12:24:12","date_gmt":"2022-11-27T12:24:12","guid":{"rendered":"https:\/\/roskildejob.dk\/?page_id=1731"},"modified":"2026-01-05T17:04:53","modified_gmt":"2026-01-05T17:04:53","slug":"hvem-er-vi-2","status":"publish","type":"page","link":"https:\/\/roskildejob.dk\/de\/hvem-er-vi-2\/","title":{"rendered":"Wer sind wir"},"content":{"rendered":"<style type=\"text\/css\" data-created_by=\"avia_inline_auto\" id=\"style-css-av-6t05f-99b0138db7fba30c9f24eb7d42b93553\">\n.flex_column.av-6t05f-99b0138db7fba30c9f24eb7d42b93553{\n-webkit-border-radius:0px 0px 0px 0px;\n-moz-border-radius:0px 0px 0px 0px;\nborder-radius:0px 0px 0px 0px;\npadding:0px 0px 0px 0px;\n}\n<\/style>\n<div class='flex_column av-6t05f-99b0138db7fba30c9f24eb7d42b93553 av_two_third  avia-builder-el-0  avia-builder-el-no-sibling  first flex_column_div av-zero-column-padding'     ><p>\n<style type=\"text\/css\" data-created_by=\"avia_inline_auto\" id=\"style-css-av-2yt79f-66e9017f0dd58f4a0567217811982aea\">\n#top .av-special-heading.av-2yt79f-66e9017f0dd58f4a0567217811982aea{\npadding-bottom:10px;\n}\nbody .av-special-heading.av-2yt79f-66e9017f0dd58f4a0567217811982aea .av-special-heading-tag .heading-char{\nfont-size:25px;\n}\n.av-special-heading.av-2yt79f-66e9017f0dd58f4a0567217811982aea .av-subheading{\nfont-size:15px;\n}\n<\/style>\n<div  class='av-special-heading av-2yt79f-66e9017f0dd58f4a0567217811982aea av-special-heading-h1  avia-builder-el-1  el_before_av_textblock  avia-builder-el-first'><h1 class='av-special-heading-tag'  itemprop=\"headline\"  >Wer sind wir?<\/h1><div class=\"special-heading-border\"><div class=\"special-heading-inner-border\"><\/div><\/div><\/div><br \/>\n<section  class='av_textblock_section av-k6qgfnpb-d69689503a64e4ac2e5ca8fb50c5beaf'  itemscope=\"itemscope\" itemtype=\"https:\/\/schema.org\/CreativeWork\" ><div class='avia_textblock manchet'  itemprop=\"text\" ><p>#Roskildejob organisiert Campinggastgeber f\u00fcr die Caravan North und Caravan South Areas des Roskilde Festivals. Wir sind ein F\u00f6rderverein f\u00fcr die Blue Scouts von Forest Road au\u00dferhalb von Holb\u00e6k<\/p>\n<\/div><\/section><br \/>\n<section  class='av_textblock_section av-k6qgf6kn-7e5da9e67c598dd0174836ff3147b7af'  itemscope=\"itemscope\" itemtype=\"https:\/\/schema.org\/CreativeWork\" ><div class='avia_textblock'  itemprop=\"text\" ><p>Unsere Pfadfindergruppe hat ihren Sitz im Pfadfinderzentrum Kagerup in den W\u00e4ldern s\u00fcdwestlich von Holb\u00e6k und besteht aus Jungen und M\u00e4dchen jeden Alters. Durch unsere Arbeit beim Roskilde Festival k\u00f6nnen wir die Pfadfindergruppe finanziell unterst\u00fctzen.<\/p>\n<p>Als Volunteer bei uns beim Roskilde Festival tr\u00e4gst du dazu bei, dass unsere Pfadfindergruppe weiterhin gute Erfahrungen machen kann und st\u00e4rkst die Pfadfindergemeinschaft.<\/p>\n<h2>Wer sind die Blue Scouts von Skovvejen?<\/h2>\n<p>Die Blue Scouts von Skovvejen organisieren eine Vielzahl von Aktivit\u00e4ten f\u00fcr Kinder und Jugendliche in unserer Umgebung. Das kann nur gelingen, weil wir durch unsere Arbeit beim Roskilde Festival jedes Jahr Geld bekommen. So k\u00f6nnen wir die Stunden, die du als Freiwilliger f\u00fcr uns verbringst, direkt in Aktivit\u00e4ten f\u00fcr unsere Scouts \u00fcbersetzen \u2013 danke daf\u00fcr, es bedeutet uns die Welt!<\/p>\n<p>Die Pfadfinder der Gruppe sind sehr aktiv in der Natur und nehmen regelm\u00e4\u00dfig an Aktivit\u00e4ten im In- und Ausland teil. Allen Pfadfindern werden jedes Jahr Reisen und Camps im Ausland angeboten, was unter anderem dank unserer Bem\u00fchungen beim Roskilde Festival m\u00f6glich ist.<\/p>\n<p>&gt; <a href=\"https:\/\/grp3405.gruppeweb.dk\/\" target=\"_blank\" rel=\"noopener\">Lesen Sie mehr \u00fcber die Blue Scouts von Skovvejen unter www.blaaspejder.eu<\/a><\/p>\n<h2>Was machen wir beim Roskilde Festival?<\/h2>\n<p><span style=\"font-weight: 400;\">Unsere Aufgabe beim Roskilde Festival besteht in erster Linie darin, Campinghosts (fr\u00fcher W\u00e4chter genannt) zu sein, teils auf dem Campingplatz Caravan North (das Gebiet n\u00f6rdlich der Autobahn), teils auf dem Campingplatz Caravan South (das Gebiet im S\u00fcden in Richtung Darup).<br \/>\n<\/span><\/p>\n<p><span style=\"font-weight: 400;\">&gt; <a href=\"https:\/\/roskildejob.dk\/de\/info-til-frivillige\/\">Lesen Sie mehr dar\u00fcber, wie Sie ein freiwilliger Camping-Gastgeber werden<\/a><\/span><\/p>\n<h2>Wie sehr k\u00f6nnen wir die Blue Scouts von Skovvegen unterst\u00fctzen?<\/h2>\n<p><span style=\"font-weight: 400;\">Unsere Arbeit beim Roskilde Festival ist f\u00fcr Skovvejens Bl\u00e5 Spejdere in Westseeland von gro\u00dfer Bedeutung. Im Jahr 2025 konnten wir der Pfadfindergruppe 60.000 Kronen spenden, wodurch sie ein breites Spektrum an Aktivit\u00e4ten f\u00fcr Kinder und Jugendliche anbieten konnte \u2013 viele von ihnen h\u00e4tten sonst nicht die finanziellen Mittel zur Teilnahme.<\/span><\/p>\n<h2>Die Blue Scouts von Skovvegen unterst\u00fctzen Mercy Scouts<\/h2>\n<p>Mercy Scouts in Uganda unternimmt gro\u00dfe Anstrengungen, um armen Familien zu helfen. Unter anderem. kauft Moskitonetze von Mercy Scouts, die an arme Familien verteilt werden, und bringt ihnen bei, wie man die Netze richtig benutzt. Sie stellen den D\u00f6rfern auch Wasseraufbereitungsanlagen zur Verf\u00fcgung, um durch Wasser \u00fcbertragene Krankheiten zu reduzieren. Ein Teil der Einnahmen des Roskilde Festivals wird an Mercy Scouts gespendet. Lesen Sie mehr \u00fcber <a href=\"https:\/\/www.facebook.com\/mercyscouts\/\">Mercy Scouts<\/a>.<\/p>\n<\/div><\/section><\/p><\/div>","protected":false},"excerpt":{"rendered":"","protected":false},"author":5,"featured_media":0,"parent":0,"menu_order":0,"comment_status":"closed","ping_status":"closed","template":"","meta":{"footnotes":""},"class_list":["post-1731","page","type-page","status-publish","hentry"],"_links":{"self":[{"href":"https:\/\/roskildejob.dk\/de\/wp-json\/wp\/v2\/pages\/1731","targetHints":{"allow":["GET"]}}],"collection":[{"href":"https:\/\/roskildejob.dk\/de\/wp-json\/wp\/v2\/pages"}],"about":[{"href":"https:\/\/roskildejob.dk\/de\/wp-json\/wp\/v2\/types\/page"}],"author":[{"embeddable":true,"href":"https:\/\/roskildejob.dk\/de\/wp-json\/wp\/v2\/users\/5"}],"replies":[{"embeddable":true,"href":"https:\/\/roskildejob.dk\/de\/wp-json\/wp\/v2\/comments?post=1731"}],"version-history":[{"count":6,"href":"https:\/\/roskildejob.dk\/de\/wp-json\/wp\/v2\/pages\/1731\/revisions"}],"predecessor-version":[{"id":2225,"href":"https:\/\/roskildejob.dk\/de\/wp-json\/wp\/v2\/pages\/1731\/revisions\/2225"}],"wp:attachment":[{"href":"https:\/\/roskildejob.dk\/de\/wp-json\/wp\/v2\/media?parent=1731"}],"curies":[{"name":"wp","href":"https:\/\/api.w.org\/{rel}","templated":true}]}}