{"id":1738,"date":"2022-11-29T18:01:02","date_gmt":"2022-11-29T18:01:02","guid":{"rendered":"https:\/\/roskildejob.dk\/?page_id=1738"},"modified":"2022-12-29T17:42:18","modified_gmt":"2022-12-29T17:42:18","slug":"info-til-service-managers-3","status":"publish","type":"page","link":"https:\/\/roskildejob.dk\/de\/info-til-service-managers-3\/","title":{"rendered":"Informationen f\u00fcr Servicemanager"},"content":{"rendered":"<style type=\"text\/css\" data-created_by=\"avia_inline_auto\" id=\"style-css-av-dejus-55e380baab9e5335cc197cded7144089\">\n.flex_column.av-dejus-55e380baab9e5335cc197cded7144089{\n-webkit-border-radius:0px 0px 0px 0px;\n-moz-border-radius:0px 0px 0px 0px;\nborder-radius:0px 0px 0px 0px;\npadding:0px 0px 0px 0px;\n}\n<\/style>\n<div class='flex_column av-dejus-55e380baab9e5335cc197cded7144089 av_two_third  avia-builder-el-0  el_before_av_table  avia-builder-el-first  first flex_column_div av-zero-column-padding'     ><p>\n<style type=\"text\/css\" data-created_by=\"avia_inline_auto\" id=\"style-css-av-av_heading-84f677f0fee72d3ff20ab52cc78f1b61\">\n#top .av-special-heading.av-av_heading-84f677f0fee72d3ff20ab52cc78f1b61{\npadding-bottom:10px;\n}\nbody .av-special-heading.av-av_heading-84f677f0fee72d3ff20ab52cc78f1b61 .av-special-heading-tag .heading-char{\nfont-size:25px;\n}\n.av-special-heading.av-av_heading-84f677f0fee72d3ff20ab52cc78f1b61 .av-subheading{\nfont-size:15px;\n}\n<\/style>\n<div  class='av-special-heading av-av_heading-84f677f0fee72d3ff20ab52cc78f1b61 av-special-heading-h1  avia-builder-el-1  el_before_av_textblock  avia-builder-el-first'><h1 class='av-special-heading-tag'  itemprop=\"headline\"  >Service-Manager<\/h1><div class=\"special-heading-border\"><div class=\"special-heading-inner-border\"><\/div><\/div><\/div><br \/>\n<section  class='av_textblock_section av-k6qhfcay-ac9725bd34e6ada269251b808d966336'  itemscope=\"itemscope\" itemtype=\"https:\/\/schema.org\/CreativeWork\" ><div class='avia_textblock manchet'  itemprop=\"text\" ><p>Wir suchen mehrere Service Manager f\u00fcr den Campingbereich, die in Zusammenarbeit mit den anderen Service Managern Manager der Supervisoren sind, die f\u00fcr den Betrieb der Campingbereiche verantwortlich sind.<\/p>\n<p>Alle Service Manager berichten direkt an die Area Manager des Roskilde Festivals f\u00fcr Caravan North.<\/p>\n<p>Wenn Sie sich als Service Manager angemeldet haben, werden Sie von den Bereichsleitern des Roskilde Festivals kontaktiert, um eine detailliertere Besprechung der Aufgaben und Verantwortlichkeiten zu erhalten. Erst nach diesem Vorstellungsgespr\u00e4ch werden Sie endg\u00fcltig als Service Manager angenommen.<\/p>\n<\/div><\/section><br \/>\n<section  class='av_textblock_section av-a358s-12c75b9c6bc494a78164950d5b25f32f'  itemscope=\"itemscope\" itemtype=\"https:\/\/schema.org\/CreativeWork\" ><div class='avia_textblock'  itemprop=\"text\" ><\/div><\/section><\/p><\/div><div class='avia-data-table-wrap av-67d0se-7955a9bb66112d2faaa5d4b59a54f25c avia_responsive_table avia-table-1'><table  class='avia-table avia-data-table avia_pricing_default  avia-builder-el-4  el_after_av_two_third  el_before_av_two_third'  itemscope=\"itemscope\" itemtype=\"https:\/\/schema.org\/Table\" ><tbody><tr class='avia-heading-row'><th class=''>Dienstzeit<\/th><th class=''>Samstag<\/th><th class=''>Sonntag<\/th><th class=''>Montag<\/th><th class=''>Dienstag<\/th><th class=''>Mittwoch<\/th><th class=''>Donnerstag<\/th><th class=''>Freitag<\/th><th class=''>Samstag<\/th><th class=''>Sonntag<\/th><\/tr><tr class=''><td class=''>Fr\u00fchschicht<br \/>\n(07.00-15.00)<\/td><td class=''><\/td><td class=''><\/p>\n<div class=\"hold1\">Mannschaft 1<\/div>\n<p><\/td><td class=''><\/p>\n<div class=\"hold2\">Mannschaft 2<\/div>\n<p><\/td><td class=''><\/p>\n<div class=\"hold3\">Mannschaft 3<\/div>\n<p><\/td><td class=''><\/p>\n<div class=\"hold4\">Mannschaft 4<\/div>\n<p><\/td><td class=''><\/p>\n<div class=\"hold5\">Mannschaft 5<\/div>\n<p><\/td><td class=''><\/p>\n<div class=\"hold6\">Mannschaft 6<\/div>\n<p><\/td><td class=''><\/p>\n<div class=\"hold1\">Mannschaft 1<\/div>\n<p><\/td><td class=''><\/p>\n<div class=\"hold2\">Mannschaft 2<\/div>\n<p><\/td><\/tr><tr class=''><td class=''>Abendschicht<br \/>\n(15.00-23.00)<\/td><td class=''><\/p>\n<div class=\"hold3\">Mannschaft 3<\/div>\n<p><\/td><td class=''><\/p>\n<div class=\"hold4\">Mannschaft 4<\/div>\n<p><\/td><td class=''><\/p>\n<div class=\"hold5\">Mannschaft 5<\/div>\n<p><\/td><td class=''><\/p>\n<div class=\"hold6\">Mannschaft 6<\/div>\n<p><\/td><td class=''><\/p>\n<div class=\"hold1\">Mannschaft 1<\/div>\n<p><\/td><td class=''><\/p>\n<div class=\"hold2\">Mannschaft 2<\/div>\n<p><\/td><td class=''><\/p>\n<div class=\"hold3\">Mannschaft 3<\/div>\n<p><\/td><td class=''><\/p>\n<div class=\"hold4\">Mannschaft 4<\/div>\n<p><\/td><td class=''><\/td><\/tr><tr class=''><td class=''>Nachtw\u00e4chter<br \/>\n(23.00-07.00)<\/td><td class=''><\/p>\n<div class=\"hold5\">Mannschaft 5<\/div>\n<p><\/td><td class=''><\/p>\n<div class=\"hold6\">Mannschaft 6<\/div>\n<p><\/td><td class=''><\/p>\n<div class=\"hold1\">Mannschaft 1<\/div>\n<p><\/td><td class=''><\/p>\n<div class=\"hold2\">Mannschaft 2<\/div>\n<p><\/td><td class=''><\/p>\n<div class=\"hold3\">Mannschaft 3<\/div>\n<p><\/td><td class=''><\/p>\n<div class=\"hold4\">Mannschaft 4<\/div>\n<p><\/td><td class=''><\/p>\n<div class=\"hold5\">Mannschaft 5<\/div>\n<p><\/td><td class=''><\/p>\n<div class=\"hold6\">Mannschaft 6<\/div>\n<p><\/td><td class=''><\/td><\/tr><\/tbody><\/table><\/div><style type='text\/css'>.avia-table-1 td:nth-of-type(1):before { content: 'Vagtperiode'; } .avia-table-1 td:nth-of-type(2):before { content: 'L\u00f8rdag'; } .avia-table-1 td:nth-of-type(3):before { content: 'S\u00f8ndag'; } .avia-table-1 td:nth-of-type(4):before { content: 'Mandag'; } .avia-table-1 td:nth-of-type(5):before { content: 'Tirsdag'; } .avia-table-1 td:nth-of-type(6):before { content: 'Onsdag'; } .avia-table-1 td:nth-of-type(7):before { content: 'Torsdag'; } .avia-table-1 td:nth-of-type(8):before { content: 'Fredag'; } .avia-table-1 td:nth-of-type(9):before { content: 'L\u00f8rdag'; } .avia-table-1 td:nth-of-type(10):before { content: 'S\u00f8ndag'; } <\/style><\/p>\n\n<style type=\"text\/css\" data-created_by=\"avia_inline_auto\" id=\"style-css-av-bu8uk-f1ec7900c6ec2cc784d05e86fc05fd20\">\n.flex_column.av-bu8uk-f1ec7900c6ec2cc784d05e86fc05fd20{\n-webkit-border-radius:0px 0px 0px 0px;\n-moz-border-radius:0px 0px 0px 0px;\nborder-radius:0px 0px 0px 0px;\npadding:0px 0px 0px 0px;\n}\n<\/style>\n<div class='flex_column av-bu8uk-f1ec7900c6ec2cc784d05e86fc05fd20 av_two_third  avia-builder-el-5  el_after_av_table  el_before_av_one_third  first flex_column_div av-zero-column-padding'     ><section  class='av_textblock_section av-k6qhgubx-1334e328e89ff183f1a361eb0c6458fb'  itemscope=\"itemscope\" itemtype=\"https:\/\/schema.org\/CreativeWork\" ><div class='avia_textblock'  itemprop=\"text\" ><h2>Anmeldung und Dienstplan<\/h2>\n<p><span style=\"font-weight: 400;\">In der folgenden Tabelle sehen Sie, wer f\u00fcr die einzelnen Teams als Service Manager registriert ist \u2013 und ob noch ein Service Manager fehlt.\u00a0<\/span><\/p>\n<p><strong>Wenn Sie sich in der Vergangenheit freiwillig beim Roskilde Festival gemeldet haben, m\u00fcssen Sie Ihr altes Login f\u00fcr People verwenden.<\/strong><\/p>\n<p><span style=\"font-weight: 400;\">Klicken Sie unten auf die Registrierungsschaltfl\u00e4che, um sich als Service Manager zu registrieren. Hier sto\u00dfen Sie auf das Freiwilligensystem des Roskilde Festivals. Hier m\u00fcssen Sie \u2013 falls Sie noch keines haben \u2013 ein Profil erstellen.<\/span><\/p>\n<p><span style=\"font-weight: 400;\">Im Anmeldeformular k\u00f6nnen Sie angeben, welchem Team Sie zugeordnet werden m\u00f6chten. Wir werden versuchen, Ihrem Wunsch so gut wie m\u00f6glich nachzukommen, behalten uns jedoch das Recht vor, zu rotieren, damit der Schichtplan so gut wie m\u00f6glich funktioniert. Wenn wir Sie in ein anderes Team versetzen, werden Sie nach M\u00f6glichkeit rechtzeitig benachrichtigt.<\/span><\/p>\n<\/div><\/section><br \/>\n<div  class='avia-button-wrap av-k66diij0-30f07bbcdb62cbab54413cf5be5250be-wrap avia-button-center  avia-builder-el-7  el_after_av_textblock  avia-builder-el-last'>\n<style type=\"text\/css\" data-created_by=\"avia_inline_auto\" id=\"style-css-av-k66diij0-30f07bbcdb62cbab54413cf5be5250be\">\n#top #wrap_all .avia-button.av-k66diij0-30f07bbcdb62cbab54413cf5be5250be{\nbackground-color:#ee7203;\nborder-color:#ee7203;\ncolor:#ffffff;\n-webkit-transition:all 0.4s ease-in-out;\n-moz-transition:all 0.4s ease-in-out;\n-ms-transition:all 0.4s ease-in-out;\n-o-transition:all 0.4s ease-in-out;\ntransition:all 0.4s ease-in-out;\n}\n<\/style>\n<a href='https:\/\/people-vol.roskilde-festival.dk\/bliv-frivillig\/?guid=582ad3bd-41da-4c6c-b7dc-b2d11a773a37' class='avia-button av-k66diij0-30f07bbcdb62cbab54413cf5be5250be avia-icon_select-yes-right-icon avia-size-large avia-position-center' target=\"_blank\" rel=\"noopener noreferrer\"><span class='avia_iconbox_title' >Registrieren Sie sich als Service Manager<\/span><span class='avia_button_icon avia_button_icon_right' aria-hidden='true' data-av_icon='\ue832' data-av_iconfont='entypo-fontello'><\/span><\/a><\/div><\/p><\/div>\n\n<style type=\"text\/css\" data-created_by=\"avia_inline_auto\" id=\"style-css-av-7gdz8-7ebbe4ce36bc77bba27a9c0e33aab307\">\n.flex_column.av-7gdz8-7ebbe4ce36bc77bba27a9c0e33aab307{\n-webkit-border-radius:0px 0px 0px 0px;\n-moz-border-radius:0px 0px 0px 0px;\nborder-radius:0px 0px 0px 0px;\npadding:0px 0px 0px 0px;\n}\n<\/style>\n<div class='flex_column av-7gdz8-7ebbe4ce36bc77bba27a9c0e33aab307 av_one_third  avia-builder-el-8  el_after_av_two_third  el_before_av_one_third  flex_column_div av-zero-column-padding'     ><\/div>\n\n<style type=\"text\/css\" data-created_by=\"avia_inline_auto\" id=\"style-css-av-3zx9i-a34bc407177e76e277cdedbc7fe6ffbf\">\n.flex_column.av-3zx9i-a34bc407177e76e277cdedbc7fe6ffbf{\n-webkit-border-radius:0px 0px 0px 0px;\n-moz-border-radius:0px 0px 0px 0px;\nborder-radius:0px 0px 0px 0px;\npadding:0px 0px 0px 0px;\n}\n<\/style>\n<div class='flex_column av-3zx9i-a34bc407177e76e277cdedbc7fe6ffbf av_one_third  avia-builder-el-9  el_after_av_one_third  el_before_av_one_third  holdboks hold1 first flex_column_div av-zero-column-padding column-top-margin'     ><section  class='av_textblock_section av-k66dfowk-e06843354fe257dbbd3b6d31a35e6b01'  itemscope=\"itemscope\" itemtype=\"https:\/\/schema.org\/CreativeWork\" ><div class='avia_textblock'  itemprop=\"text\" ><h3>Mannschaft 1<\/h3>\n<p>Sonntag 26.6 07.00-15.00<br \/>\nMontag 27.6 23.00-07.00<br \/>\nMittwoch 30.6 15.00-23.00<br \/>\nSamstag 2.7 07.00-15.00<\/p>\n<h4><strong>Registrierter Service-Manager<\/strong><\/h4>\n<p><em>Noch niemand<\/em><\/p>\n<\/div><\/section><\/div>\n\n<style type=\"text\/css\" data-created_by=\"avia_inline_auto\" id=\"style-css-av-3zx9i-3c6a2d4749f7949c3ae6141f8e87507c\">\n.flex_column.av-3zx9i-3c6a2d4749f7949c3ae6141f8e87507c{\n-webkit-border-radius:0px 0px 0px 0px;\n-moz-border-radius:0px 0px 0px 0px;\nborder-radius:0px 0px 0px 0px;\npadding:0px 0px 0px 0px;\n}\n<\/style>\n<div class='flex_column av-3zx9i-3c6a2d4749f7949c3ae6141f8e87507c av_one_third  avia-builder-el-11  el_after_av_one_third  el_before_av_one_third  holdboks hold2 flex_column_div av-zero-column-padding column-top-margin'     ><section  class='av_textblock_section av-k66dfowk-e06843354fe257dbbd3b6d31a35e6b01'  itemscope=\"itemscope\" itemtype=\"https:\/\/schema.org\/CreativeWork\" ><div class='avia_textblock'  itemprop=\"text\" ><h3>Mannschaft 2<\/h3>\n<p>Montag 27.6 07.00-15.00<br \/>\nDienstag 28.6 23.00-07.00<br \/>\nDonnerstag 30.6 15.00-23.00<br \/>\nSonntag 3.7 07.00-15.00<\/p>\n<h4><strong>Registrierter Service-Manager<\/strong><\/h4>\n<p><em>Noch niemand<\/em><\/p>\n<\/div><\/section><\/div>\n\n<style type=\"text\/css\" data-created_by=\"avia_inline_auto\" id=\"style-css-av-3zx9i-b74b85152da8f4a5acb8c8f62aaa1116\">\n.flex_column.av-3zx9i-b74b85152da8f4a5acb8c8f62aaa1116{\n-webkit-border-radius:0px 0px 0px 0px;\n-moz-border-radius:0px 0px 0px 0px;\nborder-radius:0px 0px 0px 0px;\npadding:0px 0px 0px 0px;\n}\n<\/style>\n<div class='flex_column av-3zx9i-b74b85152da8f4a5acb8c8f62aaa1116 av_one_third  avia-builder-el-13  el_after_av_one_third  el_before_av_one_third  holdboks hold3 flex_column_div av-zero-column-padding column-top-margin'     ><section  class='av_textblock_section av-k66dfowk-e06843354fe257dbbd3b6d31a35e6b01'  itemscope=\"itemscope\" itemtype=\"https:\/\/schema.org\/CreativeWork\" ><div class='avia_textblock'  itemprop=\"text\" ><h3>Mannschaft 3<\/h3>\n<p>Samstag 25.6 15.00-23.00<br \/>\nDienstag 28.6 07.00-15.00<br \/>\nMittwoch 29.6 23.00-07.00<br \/>\nFreitag 1.7 15.00-23.00<\/p>\n<h4><strong>Registrierter Service-Manager<\/strong><\/h4>\n<p><em>Noch niemand<\/em><\/p>\n<\/div><\/section><\/div>\n\n<style type=\"text\/css\" data-created_by=\"avia_inline_auto\" id=\"style-css-av-3zx9i-714ea6e730d252b5e5548e71579d7db9\">\n.flex_column.av-3zx9i-714ea6e730d252b5e5548e71579d7db9{\n-webkit-border-radius:0px 0px 0px 0px;\n-moz-border-radius:0px 0px 0px 0px;\nborder-radius:0px 0px 0px 0px;\npadding:0px 0px 0px 0px;\n}\n<\/style>\n<div class='flex_column av-3zx9i-714ea6e730d252b5e5548e71579d7db9 av_one_third  avia-builder-el-15  el_after_av_one_third  el_before_av_one_third  holdboks hold4 first flex_column_div av-zero-column-padding column-top-margin'     ><section  class='av_textblock_section av-k66dfowk-e06843354fe257dbbd3b6d31a35e6b01'  itemscope=\"itemscope\" itemtype=\"https:\/\/schema.org\/CreativeWork\" ><div class='avia_textblock'  itemprop=\"text\" ><h3>Mannschaft 4<\/h3>\n<p>Sonntag 26.6 15.00-23.00<br \/>\nMittwoch 29.6 07.00-15.00<br \/>\nDonnerstag 30.6 23.00-07.00<br \/>\nSamstag 2.7 15.00-23.00<\/p>\n<h4><strong>Registrierter Service-Manager<\/strong><\/h4>\n<p><em>Noch niemand<\/em><\/p>\n<\/div><\/section><\/div>\n\n<style type=\"text\/css\" data-created_by=\"avia_inline_auto\" id=\"style-css-av-3zx9i-c6e430c32e8a2922cd5dc3b384156aee\">\n.flex_column.av-3zx9i-c6e430c32e8a2922cd5dc3b384156aee{\n-webkit-border-radius:0px 0px 0px 0px;\n-moz-border-radius:0px 0px 0px 0px;\nborder-radius:0px 0px 0px 0px;\npadding:0px 0px 0px 0px;\n}\n<\/style>\n<div class='flex_column av-3zx9i-c6e430c32e8a2922cd5dc3b384156aee av_one_third  avia-builder-el-17  el_after_av_one_third  el_before_av_one_third  holdboks hold5 flex_column_div av-zero-column-padding column-top-margin'     ><section  class='av_textblock_section av-k66dfowk-e06843354fe257dbbd3b6d31a35e6b01'  itemscope=\"itemscope\" itemtype=\"https:\/\/schema.org\/CreativeWork\" ><div class='avia_textblock'  itemprop=\"text\" ><h3>Mannschaft 5<\/h3>\n<p>Samstag 25.6 23.00-07.00<br \/>\nMontag 27.6 15.00-23.00<br \/>\nDonnerstag 30.6 07.00-15.00<br \/>\nFreitag 1.7 23.00-07.00<\/p>\n<h4><strong>Registrierter Service-Manager<\/strong><\/h4>\n<p><em>Noch niemand<\/em><\/p>\n<\/div><\/section><\/div>\n\n<style type=\"text\/css\" data-created_by=\"avia_inline_auto\" id=\"style-css-av-3zx9i-548e0cf61a2066cd54d523058db37675\">\n.flex_column.av-3zx9i-548e0cf61a2066cd54d523058db37675{\n-webkit-border-radius:0px 0px 0px 0px;\n-moz-border-radius:0px 0px 0px 0px;\nborder-radius:0px 0px 0px 0px;\npadding:0px 0px 0px 0px;\n}\n<\/style>\n<div class='flex_column av-3zx9i-548e0cf61a2066cd54d523058db37675 av_one_third  avia-builder-el-19  el_after_av_one_third  el_before_av_one_half  holdboks hold6 flex_column_div av-zero-column-padding column-top-margin'     ><section  class='av_textblock_section av-k66dfowk-e06843354fe257dbbd3b6d31a35e6b01'  itemscope=\"itemscope\" itemtype=\"https:\/\/schema.org\/CreativeWork\" ><div class='avia_textblock'  itemprop=\"text\" ><h3>Mannschaft 6<\/h3>\n<p>Sonntag 26.6 23.00-07.00<br \/>\nDienstag 28.6 15.00-23.00<br \/>\nFreitag 1.7 07.00-15.00<br \/>\nSamstag 2.7 23.00-07.00<\/p>\n<h4><strong>Registrierter Service-Manager<\/strong><\/h4>\n<p><em>Noch niemand<\/em><\/p>\n<\/div><\/section><\/div>\n\n<style type=\"text\/css\" data-created_by=\"avia_inline_auto\" id=\"style-css-av-av_one_half-25347b0a799d5b9f7058434b2a9c3182\">\n.flex_column.av-av_one_half-25347b0a799d5b9f7058434b2a9c3182{\n-webkit-border-radius:0px 0px 0px 0px;\n-moz-border-radius:0px 0px 0px 0px;\nborder-radius:0px 0px 0px 0px;\npadding:0px 0px 0px 0px;\n}\n<\/style>\n<div class='flex_column av-av_one_half-25347b0a799d5b9f7058434b2a9c3182 av_one_half  avia-builder-el-21  el_after_av_one_third  avia-builder-el-last  first flex_column_div av-zero-column-padding column-top-margin'     ><\/div>","protected":false},"excerpt":{"rendered":"","protected":false},"author":5,"featured_media":0,"parent":0,"menu_order":0,"comment_status":"closed","ping_status":"closed","template":"","meta":{"footnotes":""},"class_list":["post-1738","page","type-page","status-publish","hentry"],"_links":{"self":[{"href":"https:\/\/roskildejob.dk\/de\/wp-json\/wp\/v2\/pages\/1738","targetHints":{"allow":["GET"]}}],"collection":[{"href":"https:\/\/roskildejob.dk\/de\/wp-json\/wp\/v2\/pages"}],"about":[{"href":"https:\/\/roskildejob.dk\/de\/wp-json\/wp\/v2\/types\/page"}],"author":[{"embeddable":true,"href":"https:\/\/roskildejob.dk\/de\/wp-json\/wp\/v2\/users\/5"}],"replies":[{"embeddable":true,"href":"https:\/\/roskildejob.dk\/de\/wp-json\/wp\/v2\/comments?post=1738"}],"version-history":[{"count":2,"href":"https:\/\/roskildejob.dk\/de\/wp-json\/wp\/v2\/pages\/1738\/revisions"}],"predecessor-version":[{"id":2231,"href":"https:\/\/roskildejob.dk\/de\/wp-json\/wp\/v2\/pages\/1738\/revisions\/2231"}],"wp:attachment":[{"href":"https:\/\/roskildejob.dk\/de\/wp-json\/wp\/v2\/media?parent=1738"}],"curies":[{"name":"wp","href":"https:\/\/api.w.org\/{rel}","templated":true}]}}