{"id":1624,"date":"2022-05-10T08:15:45","date_gmt":"2022-05-10T08:15:45","guid":{"rendered":"https:\/\/roskildejob.dk\/?page_id=1624"},"modified":"2026-01-05T17:06:43","modified_gmt":"2026-01-05T17:06:43","slug":"info-til-frivillige-2","status":"publish","type":"page","link":"https:\/\/roskildejob.dk\/sv\/info-til-frivillige-2\/","title":{"rendered":"Information till volont\u00e4rer"},"content":{"rendered":"<style type=\"text\/css\" data-created_by=\"avia_inline_auto\" id=\"style-css-av-32e0iw-87bf56c2787ef1ff4037713d1f70ac34\">\n#top .av-special-heading.av-32e0iw-87bf56c2787ef1ff4037713d1f70ac34{\npadding-bottom:10px;\n}\nbody .av-special-heading.av-32e0iw-87bf56c2787ef1ff4037713d1f70ac34 .av-special-heading-tag .heading-char{\nfont-size:25px;\n}\n.av-special-heading.av-32e0iw-87bf56c2787ef1ff4037713d1f70ac34 .av-subheading{\nfont-size:15px;\n}\n<\/style>\n<div  class='av-special-heading av-32e0iw-87bf56c2787ef1ff4037713d1f70ac34 av-special-heading-h1  avia-builder-el-0  el_before_av_two_third  avia-builder-el-first'><h1 class='av-special-heading-tag'  itemprop=\"headline\"  >Frivilliga campingv\u00e4rdar<\/h1><div class=\"special-heading-border\"><div class=\"special-heading-inner-border\"><\/div><\/div><\/div>\n\n<style type=\"text\/css\" data-created_by=\"avia_inline_auto\" id=\"style-css-av-nn0m-14278db07b511f40cbe849c6a5ceeb47\">\n.flex_column.av-nn0m-14278db07b511f40cbe849c6a5ceeb47{\n-webkit-border-radius:0px 0px 0px 0px;\n-moz-border-radius:0px 0px 0px 0px;\nborder-radius:0px 0px 0px 0px;\npadding:0px 0px 0px 0px;\n}\n<\/style>\n<div class='flex_column av-nn0m-14278db07b511f40cbe849c6a5ceeb47 av_two_third  avia-builder-el-1  el_after_av_heading  el_before_av_hr  first flex_column_div av-zero-column-padding'     ><p><section  class='av_textblock_section av-k61zjgs3-f3e343f727107a9fb9e0560e51e5a725'  itemscope=\"itemscope\" itemtype=\"https:\/\/schema.org\/CreativeWork\" ><div class='avia_textblock manchet'  itemprop=\"text\" ><p>Som campingv\u00e4rd hj\u00e4lper du till att alla k\u00e4nner sig bekv\u00e4ma och hemma i omr\u00e5det vi t\u00e4cker. Alla volont\u00e4rer \u00e4r anm\u00e4lda till ett lag, som vart och ett har fyra 8-timmarsskift under festivalen.<\/p>\n<\/div><\/section><br \/>\n<section  class='av_textblock_section av-k61zkcty-edf5536d1a702f247d21c87fc6be30a2'  itemscope=\"itemscope\" itemtype=\"https:\/\/schema.org\/CreativeWork\" ><div class='avia_textblock'  itemprop=\"text\" ><h2>Vad ska du g\u00f6ra<\/h2>\n<p><span style=\"font-weight: 400;\">V\u00e5r uppgift p\u00e5 Roskilde Festival best\u00e5r i f\u00f6rsta hand av att vara v\u00e4rdar p\u00e5 campingomr\u00e5dena Caravan North och Caravan South.<br \/>\n<\/span><\/p>\n<p><span style=\"font-weight: 400;\">Som campingv\u00e4rdar \u00e4r det v\u00e5r uppgift att se till att alla trivs och trivs i v\u00e5rt omr\u00e5de. Vi delar ut massor av sopp\u00e5sar och svarar p\u00e5 m\u00e5nga fr\u00e5gor. Vi m\u00e5ste ocks\u00e5 ha brandvakt, st\u00e4da toaletterna, vara grindvakter och generellt sett bara vara bra v\u00e4rdar.<\/span><\/p>\n<p>Varje skift \u00e4r uppdelat i 2 oberoende grupper. Den ena gruppen t\u00e4cker Caravan North och den andra gruppen t\u00e4cker Caravan South. Du kan vara flexibel mellan de tv\u00e5 grupperna om det finns behov. Detta best\u00e4ms av jourchefen.<\/p>\n<p><span style=\"font-weight: 400;\">P\u00e5 varje skift delas det individuella skiftlaget in i lag, som v\u00e4xlar mellan de olika arbetsuppgifterna under skiftet.\u00a0<\/span><\/p>\n<p><span style=\"font-weight: 400;\">Det finns alltid en fast teamledare i tj\u00e4nst hos dig inom varje omr\u00e5de. Teamledaren ser till att alla uppgifter f\u00f6rdelas lika. Det \u00e4r ocks\u00e5 chefen som du refererar till som volont\u00e4r. Och om det uppst\u00e5r problem eller om du har fr\u00e5gor under skiftet kan du alltid kontakta teamledaren.<\/span><\/p>\n<p><span style=\"font-weight: 400;\">De exakta uppgifterna om arbetet kommer att skickas till dig n\u00e4r du \u00e4r registrerad.<\/span><\/p>\n<h2>N\u00e4r och hur mycket b\u00f6r du st\u00e4lla upp som volont\u00e4r<\/h2>\n<p><span style=\"font-weight: 400;\">Som volont\u00e4r campingv\u00e4rd hos oss har du 4 skift om 8 timmar vardera. De \u00e4r f\u00f6rdelade \u00f6ver hela festivalveckan. N\u00e5gra av vakterna ligger medan musiken p\u00e5 de stora scenerna spelar, andra ligger f\u00f6re och efter.<\/span><\/p>\n<p><span style=\"font-weight: 400;\">Du ska ha b\u00e5de dagpass, kv\u00e4llspass och nattpass. Det \u00e4r tre skift per dag. Varje skift \u00e4r \u00e5tta timmar.<\/span><\/p>\n<p><span style=\"font-weight: 400;\">F\u00f6rsta skiftet tr\u00e4ffas 07.00 p\u00e5 morgonen f\u00f6r att nattskiftet ska kunna komma hem och sova. Andra skiftet tr\u00e4ffas kl 15.00, s\u00e5 morgonlaget kan komma ut f\u00f6r att festa. Tredje skiftet tr\u00e4ffas kl 23.00, s\u00e5 kv\u00e4llsskiftet f\u00e5r kan n\u00e5 den sista festen.<\/span><\/p>\n<p><span style=\"font-weight: 400;\">Det \u00e4r viktigt att du kommer i god tid s\u00e5 att dina kollegor fr\u00e5n f\u00f6reg\u00e5ende skift kan g\u00e5 vidare. F\u00f6r att skapa en bra arbetsmilj\u00f6 i teamet \u00e4r det naturligtvis ocks\u00e5 viktigt att alla kommer med ett positivt och \u00f6ppet f\u00f6rh\u00e5llningss\u00e4tt \u2013 b\u00e5de till resten av teamet och till festivalg\u00e4sterna, som \u00e4r glada och festliga.<\/span><\/p>\n<h2>Du v\u00e4ljer sj\u00e4lv dina skift<\/h2>\n<p><span style=\"font-weight: 400;\">N\u00e4r du anm\u00e4ler dig som frivillig campingv\u00e4rd hos oss v\u00e4ljer du sj\u00e4lv dina vakter. N\u00e4r du registrerar dig i People g\u00e5r du till &quot;Skiftschema&quot; och v\u00e4ljer de skift du vill ha.<\/span><\/p>\n<p>\u2013 Du ska v\u00e4lja 4 skift.<br \/>\n\u2013 Du ska v\u00e4lja 1 dagpass (guld), 1 kv\u00e4llspass (silver), 1 nattpass (brons) + 1 valfritt dag\/kv\u00e4ll\/nattpass.<br \/>\n- Det ska vara minst 1 skift mellan tv\u00e5 skift.<br \/>\n\u2013 Man m\u00e5ste ha tv\u00e5 pass innan musiken b\u00f6rjar.<br \/>\n\u2013 Du ska ha tv\u00e5 pass under musikperioden.<\/p>\n<p>Du har nu m\u00f6jlighet att v\u00e4lja just de skift som passar dig.<\/p>\n<p><span style=\"font-weight: 400;\">I tabellen nedan kan du se n\u00e4r de olika lagen har skift. Och utifr\u00e5n denna plan kan du bed\u00f6ma vilket lag som passar dig b\u00e4st \u2013 s\u00e5 du \u00e4r s\u00e4ker p\u00e5 att till exempel se ditt favoritband.<\/span><\/p>\n<h2>Registrering och f\u00f6rteckning<\/h2>\n<p><span style=\"font-weight: 400;\">Anm\u00e4lan som volont\u00e4r campingv\u00e4rd p\u00e5 #Roskildejob sker via <\/span><i><span style=\"font-weight: 400;\">m\u00e4nniskor<\/span><\/i><span style=\"font-weight: 400;\">, som \u00e4r Roskilde Festivals IT-system f\u00f6r volont\u00e4rer.\u00a0<\/span><\/p>\n<p><span style=\"font-weight: 400;\">Om du tidigare varit volont\u00e4r hos oss kan du logga in med din gamla inloggning. Om det \u00e4r f\u00f6rsta g\u00e5ngen du vill vara volont\u00e4r hos oss m\u00e5ste du skapa en profil.<\/span><\/p>\n<h3>Skapa en profil p\u00e5 People om du \u00e4r ny som volont\u00e4r<\/h3>\n<p>F\u00f6r att skapa en profil i People kan du klicka p\u00e5 l\u00e4nken nedan. Den tar dig direkt dit du kan skapa en profil. Fyll i f\u00e4lten och tryck p\u00e5 &#039;Skapa&#039;.<\/p>\n<p>Det \u00e4r ocks\u00e5 enklast f\u00f6r dig om du anv\u00e4nder den h\u00e4r l\u00e4nken och inte g\u00e5r direkt till Peoples framsida \u2013 detta s\u00e4kerst\u00e4ller att du automatiskt kopplas till #roskildejob. Annars m\u00e5ste du skicka ett mail till <a href=\"mailto:info@roskildejob.dk\">info@roskildejob.dk<\/a>\u00a0och be att vi kopplar dig till oss.<\/p>\n<p><span style=\"font-weight: 400;\">N\u00e4r du har skapat din profil kommer den att skickas till oss f\u00f6r godk\u00e4nnande. N\u00e4r vi har godk\u00e4nt dig f\u00e5r du en e-postbekr\u00e4ftelse. Efter detta kan du logga in och v\u00e4lja skiftplan mm.<\/span><\/p>\n<p><a href=\"https:\/\/people-vol.roskilde-festival.dk\/bliv-frivillig\/?guid=582ad3bd-41da-4c6c-b7dc-b2d11a773a37\" target=\"_blank\" rel=\"noopener\"><span style=\"font-weight: 400;\">Skapa profil p\u00e5 People<\/span><\/a><\/p>\n<h3>Du m\u00e5ste fortfarande vara aktiverad, \u00e4ven om du ocks\u00e5 tidigare varit volont\u00e4r<\/h3>\n<p><span style=\"font-weight: 400;\">Om du tidigare varit volont\u00e4r p\u00e5 Roskilde Festival kan du logga in p\u00e5 People med din tidigare profil. Du m\u00e5ste dock fortfarande vara aktiverad av oss innan du kan v\u00e4lja skiftplan mm.<\/span><\/p>\n<p><span style=\"font-weight: 400;\">F\u00f6r att logga in p\u00e5 People m\u00e5ste du g\u00e5 till systemets f\u00f6rstasida eller klicka p\u00e5 fliken &#039;Logga in&#039;. H\u00e4r loggar du in med den inloggning du ocks\u00e5 tidigare har anv\u00e4nt.<\/span><\/p>\n<p><span style=\"font-weight: 400;\">Innan du kan anm\u00e4la dig till skiftplan och liknande m\u00e5ste du vara aktiverad av oss. V\u00e4nta p\u00e5 ett bekr\u00e4ftelsemail.<\/span><\/p>\n<h3>Anm\u00e4l dig till skift<\/h3>\n<p><span style=\"font-weight: 400;\">N\u00e4r du antingen har skapat en profil och f\u00e5tt den godk\u00e4nd eller f\u00e5tt din befintliga profil aktiverad kan du anm\u00e4la dig till skift.<\/span><\/p>\n<p><span style=\"font-weight: 400;\">Logga in p\u00e5 Personer med din inloggning och klicka p\u00e5 skiftschema. Nu kan du anm\u00e4la dig till de skift som passar dig b\u00e4st.<\/span><\/p>\n<h2><\/h2>\n<\/div><\/section><br \/>\n<div  class='avia-button-wrap av-k66diij0-7fb1d4075f436476b8f18639486b8e27-wrap avia-button-center  avia-builder-el-4  el_after_av_textblock  avia-builder-el-last'>\n<style type=\"text\/css\" data-created_by=\"avia_inline_auto\" id=\"style-css-av-k66diij0-7fb1d4075f436476b8f18639486b8e27\">\n#top #wrap_all .avia-button.av-k66diij0-7fb1d4075f436476b8f18639486b8e27{\nbackground-color:#ee7203;\nborder-color:#ee7203;\ncolor:#ffffff;\n-webkit-transition:all 0.4s ease-in-out;\n-moz-transition:all 0.4s ease-in-out;\n-ms-transition:all 0.4s ease-in-out;\n-o-transition:all 0.4s ease-in-out;\ntransition:all 0.4s ease-in-out;\n}\n<\/style>\n<a href='https:\/\/people-vol.roskilde-festival.dk\/bliv-frivillig\/?guid=427fd60c-28b8-41f4-890d-dff4101bd383' class='avia-button av-k66diij0-7fb1d4075f436476b8f18639486b8e27 avia-icon_select-yes-right-icon avia-size-large avia-position-center' target=\"_blank\" rel=\"noopener noreferrer\"><span class='avia_iconbox_title' >Registrera Roskildejob<\/span><span class='avia_button_icon avia_button_icon_right' aria-hidden='true' data-av_icon='\ue832' data-av_iconfont='entypo-fontello'><\/span><\/a><\/div><\/p><\/div><div  class='hr av-2d0b08-e037c9e51d6259ffce8b4b8f8cf18c3d hr-default  avia-builder-el-5  el_after_av_two_third  el_before_av_textblock'><span class='hr-inner'><span class=\"hr-inner-style\"><\/span><\/span><\/div><\/p>\n<section  class='av_textblock_section av-kzml3nyn-d320cec0c13c07790fd25a9391957b29'  itemscope=\"itemscope\" itemtype=\"https:\/\/schema.org\/CreativeWork\" ><div class='av-desktop-hide av-medium-hide av-small-hide avia_textblock'  itemprop=\"text\" ><p><a href=\"https:\/\/roskildejob.dk\/wp-content\/uploads\/2024\/01\/vagplan-frivillige-2024.png\" target=\"_blank\" rel=\"noopener\">Se lista<\/a><\/p>\n<\/div><\/section>\n\n<style type=\"text\/css\" data-created_by=\"avia_inline_auto\" id=\"style-css-av-kzml3wcv-d6a94bc1790e6c80b13b022e20b98c32\">\n#top .hr.hr-invisible.av-kzml3wcv-d6a94bc1790e6c80b13b022e20b98c32{\nheight:50px;\n}\n<\/style>\n<div  class='hr av-kzml3wcv-d6a94bc1790e6c80b13b022e20b98c32 hr-invisible  avia-builder-el-7  el_after_av_textblock  el_before_av_table  av-desktop-hide av-medium-hide av-small-hide'><span class='hr-inner'><span class=\"hr-inner-style\"><\/span><\/span><\/div>\n<div class='avia-data-table-wrap av-67d0se-8de4622b560782fcf6aa92d934f31495 avia_responsive_table av-mini-hide avia-table-1'><table  class='avia-table avia-data-table avia_pricing_default  avia-builder-el-8  el_after_av_hr  avia-builder-el-last'  itemscope=\"itemscope\" itemtype=\"https:\/\/schema.org\/Table\" ><tbody><tr class='avia-heading-row'><th class=''>Tj\u00e4nstg\u00f6ringsperiod<\/th><th class=''>l\u00f6rdag<\/th><th class=''>s\u00f6ndag<\/th><th class=''>m\u00e5ndag<\/th><th class=''>tisdag<\/th><th class=''>onsdag<\/th><th class=''>torsdag<\/th><th class=''>fredag<\/th><th class=''>l\u00f6rdag<\/th><th class=''>s\u00f6ndag<\/th><\/tr><tr class=''><td class=''>Morgonskift<br \/>\n(07.00-15.00)<\/td><td class=''>x<\/td><td class=''>x<\/td><td class=''>x<\/td><td class=''>x<\/td><td class=''>x<\/td><td class=''>x<\/td><td class=''>x<\/td><td class=''>x<\/td><td class=''>x<\/td><\/tr><tr class=''><td class=''>Kv\u00e4llsskift<br \/>\n(15.00-23.00)<\/td><td class=''>x<\/td><td class=''>x<\/td><td class=''>x<\/td><td class=''>x<\/td><td class=''>x<\/td><td class=''>x<\/td><td class=''>x<\/td><td class=''>x<\/td><td class=''>x<br \/>\n(10-17)<\/td><\/tr><tr class=''><td class=''>Nattv\u00e4ktare<br \/>\n(23.00-07.00)<\/td><td class=''>x<\/td><td class=''>x<\/td><td class=''>x<\/td><td class=''>x<\/td><td class=''>x<\/td><td class=''>x<\/td><td class=''>x<\/td><td class=''>x<\/td><td class=''><\/td><\/tr><\/tbody><\/table><\/div><style type='text\/css'>.avia-table-1 td:nth-of-type(1):before { content: 'Vagtperiode'; } .avia-table-1 td:nth-of-type(2):before { content: 'L\u00f8rdag'; } .avia-table-1 td:nth-of-type(3):before { content: 'S\u00f8ndag'; } .avia-table-1 td:nth-of-type(4):before { content: 'Mandag'; } .avia-table-1 td:nth-of-type(5):before { content: 'Tirsdag'; } .avia-table-1 td:nth-of-type(6):before { content: 'Onsdag'; } .avia-table-1 td:nth-of-type(7):before { content: 'Torsdag'; } .avia-table-1 td:nth-of-type(8):before { content: 'Fredag'; } .avia-table-1 td:nth-of-type(9):before { content: 'L\u00f8rdag'; } .avia-table-1 td:nth-of-type(10):before { content: 'S\u00f8ndag'; } <\/style>","protected":false},"excerpt":{"rendered":"","protected":false},"author":5,"featured_media":0,"parent":0,"menu_order":0,"comment_status":"closed","ping_status":"closed","template":"","meta":{"footnotes":""},"class_list":["post-1624","page","type-page","status-publish","hentry"],"_links":{"self":[{"href":"https:\/\/roskildejob.dk\/sv\/wp-json\/wp\/v2\/pages\/1624","targetHints":{"allow":["GET"]}}],"collection":[{"href":"https:\/\/roskildejob.dk\/sv\/wp-json\/wp\/v2\/pages"}],"about":[{"href":"https:\/\/roskildejob.dk\/sv\/wp-json\/wp\/v2\/types\/page"}],"author":[{"embeddable":true,"href":"https:\/\/roskildejob.dk\/sv\/wp-json\/wp\/v2\/users\/5"}],"replies":[{"embeddable":true,"href":"https:\/\/roskildejob.dk\/sv\/wp-json\/wp\/v2\/comments?post=1624"}],"version-history":[{"count":27,"href":"https:\/\/roskildejob.dk\/sv\/wp-json\/wp\/v2\/pages\/1624\/revisions"}],"predecessor-version":[{"id":2227,"href":"https:\/\/roskildejob.dk\/sv\/wp-json\/wp\/v2\/pages\/1624\/revisions\/2227"}],"wp:attachment":[{"href":"https:\/\/roskildejob.dk\/sv\/wp-json\/wp\/v2\/media?parent=1624"}],"curies":[{"name":"wp","href":"https:\/\/api.w.org\/{rel}","templated":true}]}}