{"id":1676,"date":"2022-11-25T20:04:52","date_gmt":"2022-11-25T20:04:52","guid":{"rendered":"https:\/\/roskildejob.dk\/?page_id=1676"},"modified":"2026-01-05T17:02:08","modified_gmt":"2026-01-05T17:02:08","slug":"forside-2","status":"publish","type":"page","link":"https:\/\/roskildejob.dk\/sv\/","title":{"rendered":"Framsida"},"content":{"rendered":"<div id='layer_slider_1'  class='avia-layerslider main_color avia-shadow  avia-builder-el-0  el_before_av_one_full  avia-builder-el-first  container_wrap fullsize'  style='height: 401px; max-width: 1280px; margin: 0 auto;'  ><\/div><div id='after_layer_slider_1'  class='main_color av_default_container_wrap container_wrap fullsize'  ><div class='container av-section-cont-open' ><div class='template-page content  av-content-full alpha units'><div class='post-entry post-entry-type-page post-entry-1676'><div class='entry-content-wrapper clearfix'>\n\n<style type=\"text\/css\" data-created_by=\"avia_inline_auto\" id=\"style-css-av-jurxy-d876a896846770273f801b1fbfea022b\">\n.flex_column.av-jurxy-d876a896846770273f801b1fbfea022b{\n-webkit-border-radius:0px 0px 0px 0px;\n-moz-border-radius:0px 0px 0px 0px;\nborder-radius:0px 0px 0px 0px;\npadding:0px 0px 0px 0px;\n}\n<\/style>\n<div class='flex_column av-jurxy-d876a896846770273f801b1fbfea022b av_one_full  avia-builder-el-1  el_after_av_layerslider  el_before_av_two_fifth  avia-builder-el-first  first flex_column_div av-zero-column-padding'     ><p>\n<style type=\"text\/css\" data-created_by=\"avia_inline_auto\" id=\"style-css-av-8rdcfg-94d59b2a63fc07fbeb1af69802dea0b2\">\n#top .av-special-heading.av-8rdcfg-94d59b2a63fc07fbeb1af69802dea0b2{\npadding-bottom:10px;\n}\nbody .av-special-heading.av-8rdcfg-94d59b2a63fc07fbeb1af69802dea0b2 .av-special-heading-tag .heading-char{\nfont-size:25px;\n}\n.av-special-heading.av-8rdcfg-94d59b2a63fc07fbeb1af69802dea0b2 .av-subheading{\nfont-size:15px;\n}\n<\/style>\n<div  class='av-special-heading av-8rdcfg-94d59b2a63fc07fbeb1af69802dea0b2 av-special-heading-h1  avia-builder-el-2  el_before_av_textblock  avia-builder-el-first  av-linked-heading'><h1 class='av-special-heading-tag'  itemprop=\"headline\"  >#RoskildeJob Bli campingv\u00e4rd p\u00e5 Roskilde Festival 2026<\/h1><div class=\"special-heading-border\"><div class=\"special-heading-inner-border\"><\/div><\/div><\/div><br \/>\n<section  class='av_textblock_section av-k488z4gc-bcd9c226505c7aa1e51554952fb5f19c'  itemscope=\"itemscope\" itemtype=\"https:\/\/schema.org\/CreativeWork\" ><div class='avia_textblock manchet'  itemprop=\"text\" ><p>G\u00e5 med p\u00e5 Roskilde Festival som campingv\u00e4rd i Caravan North och Caravan South. Bli volont\u00e4r hos oss s\u00e5 ger vi dig armband, mysig gemenskap, massor av god mat och mycket mer.<\/p>\n<\/div><\/section><br \/>\n<section  class='av_textblock_section av-k60subjo-b73aa8729e0c4772bf2c3c6250025e21'  itemscope=\"itemscope\" itemtype=\"https:\/\/schema.org\/CreativeWork\" ><div class='avia_textblock'  itemprop=\"text\" ><p>Vill du vara med och skapa \u00e5rets coolaste festival och samtidigt vara en del av en mysig community? Bli d\u00e5 campingv\u00e4rdar hos oss i Caravan North och Caravan South som rymmer de tysta husvagnarna och cyklisterna.<\/p>\n<\/div><\/section><br \/>\n<section  class='av_textblock_section av-lr64x9i4-e873af4df6ce5ccabc74fe8b22f59acb'  itemscope=\"itemscope\" itemtype=\"https:\/\/schema.org\/CreativeWork\" ><div class='avia_textblock'  itemprop=\"text\" ><div class=\"spbsm-followbuttons-output-wrapper\"><!-- Superb Social Share and Follow Buttons --><div class=\"spbsm-output-textstring\">F\u00f6lj oss p\u00e5 sociala medier<\/div><div class=\"spbsm-button-wrapper-flat\"><span class=\"spbsm-follow-facebook\"><a href=\"https:\/\/www.facebook.com\/roskildejob\/\" rel=\"nofollow noopener\" target=\"_blank\"><svg role=\"img\" viewbox=\"0 0 24 24\" xmlns=\"http:\/\/www.w3.org\/2000\/svg\"><path d=\"M9.101 23.691v-7.98H6.627v-3.667h2.474v-1.58c0-4.085 1.848-5.978 5.858-5.978.401 0 .955.042 1.468.103a8.68 8.68 0 0 1 1.141.195v3.325a8.623 8.623 0 0 0-.653-.036 26.805 26.805 0 0 0-.733-.009c-.707 0-1.259.096-1.675.309a1.686 1.686 0 0 0-.679.622c-.258.42-.374.995-.374 1.752v1.297h3.919l-.386 2.103-.287 1.564h-3.246v8.245C19.396 23.238 24 18.179 24 12.044c0-6.627-5.373-12-12-12s-12 5.373-12 12c0 5.628 3.874 10.35 9.101 11.647Z\" \/><\/svg>Facebook<\/a><\/span><span class=\"spbsm-follow-instagram\"><a href=\"https:\/\/www.instagram.com\/roskildejob\/\" rel=\"nofollow noopener\" target=\"_blank\"><svg role=\"img\" viewbox=\"0 0 24 24\" xmlns=\"http:\/\/www.w3.org\/2000\/svg\"><path d=\"M7.0301.084c-1.2768.0602-2.1487.264-2.911.5634-.7888.3075-1.4575.72-2.1228 1.3877-.6652.6677-1.075 1.3368-1.3802 2.127-.2954.7638-.4956 1.6365-.552 2.914-.0564 1.2775-.0689 1.6882-.0626 4.947.0062 3.2586.0206 3.6671.0825 4.9473.061 1.2765.264 2.1482.5635 2.9107.308.7889.72 1.4573 1.388 2.1228.6679.6655 1.3365 1.0743 2.1285 1.38.7632.295 1.6361.4961 2.9134.552 1.2773.056 1.6884.069 4.9462.0627 3.2578-.0062 3.668-.0207 4.9478-.0814 1.28-.0607 2.147-.2652 2.9098-.5633.7889-.3086 1.4578-.72 2.1228-1.3881.665-.6682 1.0745-1.3378 1.3795-2.1284.2957-.7632.4966-1.636.552-2.9124.056-1.2809.0692-1.6898.063-4.948-.0063-3.2583-.021-3.6668-.0817-4.9465-.0607-1.2797-.264-2.1487-.5633-2.9117-.3084-.7889-.72-1.4568-1.3876-2.1228C21.2982 1.33 20.628.9208 19.8378.6165 19.074.321 18.2017.1197 16.9244.0645 15.6471.0093 15.236-.005 11.977.0014 8.718.0076 8.31.0215 7.0301.0839m.1402 21.6932c-1.17-.0509-1.8053-.2453-2.2287-.408-.5606-.216-.96-.4771-1.3819-.895-.422-.4178-.6811-.8186-.9-1.378-.1644-.4234-.3624-1.058-.4171-2.228-.0595-1.2645-.072-1.6442-.079-4.848-.007-3.2037.0053-3.583.0607-4.848.05-1.169.2456-1.805.408-2.2282.216-.5613.4762-.96.895-1.3816.4188-.4217.8184-.6814 1.3783-.9003.423-.1651 1.0575-.3614 2.227-.4171 1.2655-.06 1.6447-.072 4.848-.079 3.2033-.007 3.5835.005 4.8495.0608 1.169.0508 1.8053.2445 2.228.408.5608.216.96.4754 1.3816.895.4217.4194.6816.8176.9005 1.3787.1653.4217.3617 1.056.4169 2.2263.0602 1.2655.0739 1.645.0796 4.848.0058 3.203-.0055 3.5834-.061 4.848-.051 1.17-.245 1.8055-.408 2.2294-.216.5604-.4763.96-.8954 1.3814-.419.4215-.8181.6811-1.3783.9-.4224.1649-1.0577.3617-2.2262.4174-1.2656.0595-1.6448.072-4.8493.079-3.2045.007-3.5825-.006-4.848-.0608M16.953 5.5864A1.44 1.44 0 1 0 18.39 4.144a1.44 1.44 0 0 0-1.437 1.4424M5.8385 12.012c.0067 3.4032 2.7706 6.1557 6.173 6.1493 3.4026-.0065 6.157-2.7701 6.1506-6.1733-.0065-3.4032-2.771-6.1565-6.174-6.1498-3.403.0067-6.156 2.771-6.1496 6.1738M8 12.0077a4 4 0 1 1 4.008 3.9921A3.9996 3.9996 0 0 1 8 12.0077\" \/><\/svg>Instagram<\/a><\/span><\/div><\/div>\n<\/div><\/section><\/p><\/div>\n<style type=\"text\/css\" data-created_by=\"avia_inline_auto\" id=\"style-css-av-bu7tq-a3e33ec0df703be0ccdc2f2e0fd43171\">\n.flex_column.av-bu7tq-a3e33ec0df703be0ccdc2f2e0fd43171{\n-webkit-border-radius:0px 0px 0px 0px;\n-moz-border-radius:0px 0px 0px 0px;\nborder-radius:0px 0px 0px 0px;\npadding:0px 0px 0px 0px;\n}\n<\/style>\n<div class='flex_column av-bu7tq-a3e33ec0df703be0ccdc2f2e0fd43171 av_two_fifth  avia-builder-el-6  el_after_av_one_full  el_before_av_three_fifth  first flex_column_div av-zero-column-padding column-top-margin'     ><p>\n<style type=\"text\/css\" data-created_by=\"avia_inline_auto\" id=\"style-css-av-6ym0yk-aecd3a9e1e84d1c3ce59691ef8dcd715\">\n#top .av-special-heading.av-6ym0yk-aecd3a9e1e84d1c3ce59691ef8dcd715{\npadding-bottom:10px;\n}\nbody .av-special-heading.av-6ym0yk-aecd3a9e1e84d1c3ce59691ef8dcd715 .av-special-heading-tag .heading-char{\nfont-size:25px;\n}\n.av-special-heading.av-6ym0yk-aecd3a9e1e84d1c3ce59691ef8dcd715 .av-subheading{\nfont-size:15px;\n}\n<\/style>\n<div  class='av-special-heading av-6ym0yk-aecd3a9e1e84d1c3ce59691ef8dcd715 av-special-heading-h2  avia-builder-el-7  el_before_av_textblock  avia-builder-el-first'><h2 class='av-special-heading-tag'  itemprop=\"headline\"  >Det erbjuder vi<\/h2><div class=\"special-heading-border\"><div class=\"special-heading-inner-border\"><\/div><\/div><\/div><br \/>\n<section  class='av_textblock_section av-p7mue-63de3e09c2ec47f19b5fc577cdef989f'  itemscope=\"itemscope\" itemtype=\"https:\/\/schema.org\/CreativeWork\" ><div class='avia_textblock'  itemprop=\"text\" ><p>Som volont\u00e4r p\u00e5 #Roskildejob blir du en del av ett starkt team. Vi \u00e4r campingv\u00e4rdar i Caravan North och Caravan South och som volont\u00e4r hos oss ska du ta fyra 8-timmarspass f\u00f6rdelade \u00f6ver hela festivalveckan. I geng\u00e4ld f\u00e5r du:<\/p>\n<p>\u2013 festivalarmbandet,<br \/>\n\u2013 gratis mat och dryck hela veckan,<br \/>\n\u2013 tillg\u00e5ng till ryggomr\u00e5dena,<br \/>\n\u2013 tillg\u00e5ng till det mycket speciella campingomr\u00e5det #Roskildejob (bel\u00e4get i Caravan N)<br \/>\n\u2013 alternativt f\u00e5r du sj\u00e4lvklart tillg\u00e5ng till att boka volont\u00e4rcamping<br \/>\n- M\u00f6jlighet att registrera sig <a href=\"https:\/\/roskildejob.dk\/sv\/klub-roskildejob\/\">Klub-Roskilde jobb och f\u00e5 gratis \u00f6l och vatten i v\u00e5r bas<\/a><\/p>\n<p>\u2013 och d\u00e5 blir man en del av en stark gemenskap d\u00e4r vi har v\u00e4ldigt roligt tillsammans.<\/p>\n<\/div><\/section><br \/>\n<div  class='avia-button-wrap av-k489opjd-64c5fce46c9a8bf832b331f76092e918-wrap avia-button-center  avia-builder-el-9  el_after_av_textblock  avia-builder-el-last'>\n<style type=\"text\/css\" data-created_by=\"avia_inline_auto\" id=\"style-css-av-k489opjd-64c5fce46c9a8bf832b331f76092e918\">\n#top #wrap_all .avia-button.av-k489opjd-64c5fce46c9a8bf832b331f76092e918{\nbackground-color:#ee7203;\nborder-color:#ee7203;\ncolor:#ffffff;\n-webkit-transition:all 0.4s ease-in-out;\n-moz-transition:all 0.4s ease-in-out;\n-ms-transition:all 0.4s ease-in-out;\n-o-transition:all 0.4s ease-in-out;\ntransition:all 0.4s ease-in-out;\n}\n<\/style>\n<a href='https:\/\/roskildejob.dk\/sv\/det-tilbyder-vi-2\/'  class='avia-button av-k489opjd-64c5fce46c9a8bf832b331f76092e918 avia-icon_select-yes-right-icon avia-size-large avia-position-center'  ><span class='avia_iconbox_title' >Det erbjuder vi<\/span><span class='avia_button_icon avia_button_icon_right' aria-hidden='true' data-av_icon='\ue832' data-av_iconfont='entypo-fontello'><\/span><\/a><\/div><\/p><\/div><\/p>\n\n<style type=\"text\/css\" data-created_by=\"avia_inline_auto\" id=\"style-css-av-7w1rq-74b5ed9c399494f96859fca289f820c1\">\n.flex_column.av-7w1rq-74b5ed9c399494f96859fca289f820c1{\n-webkit-border-radius:0px 0px 0px 0px;\n-moz-border-radius:0px 0px 0px 0px;\nborder-radius:0px 0px 0px 0px;\npadding:0px 0px 0px 0px;\n}\n<\/style>\n<div class='flex_column av-7w1rq-74b5ed9c399494f96859fca289f820c1 av_three_fifth  avia-builder-el-10  el_after_av_two_fifth  el_before_av_hr  flex_column_div av-zero-column-padding column-top-margin'     ><p>\n<style type=\"text\/css\" data-created_by=\"avia_inline_auto\" id=\"style-css-av-64ha18-048fbfacbec1da91793ce80498fa6b2c\">\n#top .av-special-heading.av-64ha18-048fbfacbec1da91793ce80498fa6b2c{\npadding-bottom:10px;\n}\nbody .av-special-heading.av-64ha18-048fbfacbec1da91793ce80498fa6b2c .av-special-heading-tag .heading-char{\nfont-size:25px;\n}\n.av-special-heading.av-64ha18-048fbfacbec1da91793ce80498fa6b2c .av-subheading{\nfont-size:15px;\n}\n<\/style>\n<div  class='av-special-heading av-64ha18-048fbfacbec1da91793ce80498fa6b2c av-special-heading-h2  avia-builder-el-11  el_before_av_textblock  avia-builder-el-first'><h2 class='av-special-heading-tag'  itemprop=\"headline\"  >Vilka \u00e4r vi?<\/h2><div class=\"special-heading-border\"><div class=\"special-heading-inner-border\"><\/div><\/div><\/div><br \/>\n<section  class='av_textblock_section av-1riq6-b31a5c61ddb3b2b39434bee12ba4d786'  itemscope=\"itemscope\" itemtype=\"https:\/\/schema.org\/CreativeWork\" ><div class='avia_textblock'  itemprop=\"text\" ><p>#Roskildejob organiserar campingv\u00e4rdar f\u00f6r Roskilde Festivals Caravan North och Caravan South omr\u00e5den. Vi \u00e4r en st\u00f6df\u00f6rening f\u00f6r Skovvejens Blue Scouts utanf\u00f6r Holb\u00e6k, och genom v\u00e5ra insatser p\u00e5 Roskilde Festival kan vi st\u00f6tta scoutgruppen ekonomiskt. Som volont\u00e4r hos oss p\u00e5 Roskilde Festival hj\u00e4lper du allts\u00e5 v\u00e5r scoutgrupp att kunna skapa bra sp\u00e4nnande aktiviteter f\u00f6r barn och unga.<\/p>\n<\/div><\/section><br \/>\n<div  class='avia-button-wrap av-k489opjd-6-9b528b0dc6acf5270aef1952dc6f5dff-wrap avia-button-center  avia-builder-el-13  el_after_av_textblock  avia-builder-el-last'>\n<style type=\"text\/css\" data-created_by=\"avia_inline_auto\" id=\"style-css-av-k489opjd-6-9b528b0dc6acf5270aef1952dc6f5dff\">\n#top #wrap_all .avia-button.av-k489opjd-6-9b528b0dc6acf5270aef1952dc6f5dff{\nbackground-color:#ee7203;\nborder-color:#ee7203;\ncolor:#ffffff;\n-webkit-transition:all 0.4s ease-in-out;\n-moz-transition:all 0.4s ease-in-out;\n-ms-transition:all 0.4s ease-in-out;\n-o-transition:all 0.4s ease-in-out;\ntransition:all 0.4s ease-in-out;\n}\n<\/style>\n<a href='https:\/\/roskildejob.dk\/sv\/hvem-er-vi-2\/'  class='avia-button av-k489opjd-6-9b528b0dc6acf5270aef1952dc6f5dff avia-icon_select-yes-right-icon avia-size-large avia-position-center'  ><span class='avia_iconbox_title' >Vilka \u00e4r vi<\/span><span class='avia_button_icon avia_button_icon_right' aria-hidden='true' data-av_icon='\ue832' data-av_iconfont='entypo-fontello'><\/span><\/a><\/div><\/p><\/div>\n\n<style type=\"text\/css\" data-created_by=\"avia_inline_auto\" id=\"style-css-av-dreke-e48d582d99f518d7e2710d5ab3447b12\">\n#top .hr.hr-invisible.av-dreke-e48d582d99f518d7e2710d5ab3447b12{\nheight:50px;\n}\n<\/style>\n<div  class='hr av-dreke-e48d582d99f518d7e2710d5ab3447b12 hr-invisible  avia-builder-el-14  el_after_av_three_fifth  el_before_av_image'><span class='hr-inner'><span class=\"hr-inner-style\"><\/span><\/span><\/div>\n\n<style type=\"text\/css\" data-created_by=\"avia_inline_auto\" id=\"style-css-av-k60v8h8x-22ef73469d947a8d1a8cd0ab97a82169\">\n.avia-image-container.av-k60v8h8x-22ef73469d947a8d1a8cd0ab97a82169 img.avia_image{\nbox-shadow:none;\n}\n.avia-image-container.av-k60v8h8x-22ef73469d947a8d1a8cd0ab97a82169 .av-image-caption-overlay-center{\ncolor:#ffffff;\n}\n<\/style>\n<div  class='avia-image-container av-k60v8h8x-22ef73469d947a8d1a8cd0ab97a82169 av-styling- avia-align-  avia-builder-el-15  el_after_av_hr  el_before_av_heading'   itemprop=\"image\" itemscope=\"itemscope\" itemtype=\"https:\/\/schema.org\/ImageObject\" ><div class=\"avia-image-container-inner\"><div class=\"avia-image-overlay-wrap\"><img class='wp-image-878 avia-img-lazy-loading-not-878 avia_image lazyload' data-src='https:\/\/roskildejob.dk\/wp-content\/uploads\/2020\/01\/jonas_jessen_hansen_01072014_camping_overblik_omraade_p_telte_pavilioner-1600px-beskerret-1210x287.jpg' alt='' title='Campingplats'  height=\"287\" width=\"1210\"  itemprop=\"thumbnailUrl\" src=\"data:image\/svg+xml;base64,PHN2ZyB3aWR0aD0iMSIgaGVpZ2h0PSIxIiB4bWxucz0iaHR0cDovL3d3dy53My5vcmcvMjAwMC9zdmciPjwvc3ZnPg==\" style=\"--smush-placeholder-width: 1210px; --smush-placeholder-aspect-ratio: 1210\/287;\" \/><\/div><\/div><\/div>\n\n<style type=\"text\/css\" data-created_by=\"avia_inline_auto\" id=\"style-css-av-3pskcs-2a6d67f13da7a41037fbae1f43819be7\">\n#top .av-special-heading.av-3pskcs-2a6d67f13da7a41037fbae1f43819be7{\npadding-bottom:10px;\n}\nbody .av-special-heading.av-3pskcs-2a6d67f13da7a41037fbae1f43819be7 .av-special-heading-tag .heading-char{\nfont-size:25px;\n}\n.av-special-heading.av-3pskcs-2a6d67f13da7a41037fbae1f43819be7 .av-subheading{\nfont-size:15px;\n}\n<\/style>\n<div  class='av-special-heading av-3pskcs-2a6d67f13da7a41037fbae1f43819be7 av-special-heading-h2  avia-builder-el-16  el_after_av_image  el_before_av_hr'><h2 class='av-special-heading-tag'  itemprop=\"headline\"  >SCHEMA, INFORMATION OCH REGISTRERING<\/h2><div class=\"special-heading-border\"><div class=\"special-heading-inner-border\"><\/div><\/div><\/div>\n\n<style type=\"text\/css\" data-created_by=\"avia_inline_auto\" id=\"style-css-av-dreke-4-fb631eb58c03dcaf04cba03553cfa920\">\n#top .hr.hr-invisible.av-dreke-4-fb631eb58c03dcaf04cba03553cfa920{\nheight:25px;\n}\n<\/style>\n<div  class='hr av-dreke-4-fb631eb58c03dcaf04cba03553cfa920 hr-invisible  avia-builder-el-17  el_after_av_heading  el_before_av_hr'><span class='hr-inner'><span class=\"hr-inner-style\"><\/span><\/span><\/div>\n\n<style type=\"text\/css\" data-created_by=\"avia_inline_auto\" id=\"style-css-av-dreke-3-73a24997c52c89514394f66ff142a95a\">\n#top .hr.hr-invisible.av-dreke-3-73a24997c52c89514394f66ff142a95a{\nheight:50px;\n}\n<\/style>\n<div  class='hr av-dreke-3-73a24997c52c89514394f66ff142a95a hr-invisible  avia-builder-el-18  el_after_av_hr  el_before_av_one_half'><span class='hr-inner'><span class=\"hr-inner-style\"><\/span><\/span><\/div>\n\n<style type=\"text\/css\" data-created_by=\"avia_inline_auto\" id=\"style-css-av-joky6-d3d048dcd0d73a05a49c253c0d878496\">\n.flex_column.av-joky6-d3d048dcd0d73a05a49c253c0d878496{\n-webkit-border-radius:0px 0px 0px 0px;\n-moz-border-radius:0px 0px 0px 0px;\nborder-radius:0px 0px 0px 0px;\npadding:0px 0px 0px 0px;\n}\n<\/style>\n<div class='flex_column av-joky6-d3d048dcd0d73a05a49c253c0d878496 av_one_half  avia-builder-el-19  el_after_av_hr  el_before_av_one_half  first flex_column_div av-zero-column-padding'     ><p>\n<style type=\"text\/css\" data-created_by=\"avia_inline_auto\" id=\"style-css-av-kwb0u-9ca38293abb2b3580f3b9d971e49d2ad\">\n#top .av-special-heading.av-kwb0u-9ca38293abb2b3580f3b9d971e49d2ad{\npadding-bottom:10px;\n}\nbody .av-special-heading.av-kwb0u-9ca38293abb2b3580f3b9d971e49d2ad .av-special-heading-tag .heading-char{\nfont-size:25px;\n}\n.av-special-heading.av-kwb0u-9ca38293abb2b3580f3b9d971e49d2ad .av-subheading{\nfont-size:15px;\n}\n<\/style>\n<div  class='av-special-heading av-kwb0u-9ca38293abb2b3580f3b9d971e49d2ad av-special-heading-h3  avia-builder-el-20  el_before_av_textblock  avia-builder-el-first'><h3 class='av-special-heading-tag'  itemprop=\"headline\"  >Frivilliga campingv\u00e4rdar<\/h3><div class=\"special-heading-border\"><div class=\"special-heading-inner-border\"><\/div><\/div><\/div><br \/>\n<section  class='av_textblock_section av-p7mue-7-e9c57e416e7c91dd8937dfb00975b2ab'  itemscope=\"itemscope\" itemtype=\"https:\/\/schema.org\/CreativeWork\" ><div class='avia_textblock'  itemprop=\"text\" ><p style=\"box-sizing: border-box; margin: 0.85em 0px; padding: 0px; border: 0px #f8f8f8; font-family: 'Droid Sans', HelveticaNeue, 'Helvetica Neue', Helvetica, Arial, sans-serif; font-stretch: inherit; line-height: inherit; vertical-align: baseline; caret-color: #383838; color: #383838;\">F\u00e5 en \u00f6verblick \u00f6ver de olika lagen och deras listor. Se m\u00f6testider, uppgifter och annan relevant information.<\/p>\n<\/div><\/section><br \/>\n<div  class='avia-button-wrap av-k489opjd-5-f64583a2b2aa5476ec4052eafaa55a36-wrap avia-button-center  avia-builder-el-22  el_after_av_textblock  avia-builder-el-last'>\n<style type=\"text\/css\" data-created_by=\"avia_inline_auto\" id=\"style-css-av-k489opjd-5-f64583a2b2aa5476ec4052eafaa55a36\">\n#top #wrap_all .avia-button.av-k489opjd-5-f64583a2b2aa5476ec4052eafaa55a36{\nbackground-color:#ee7203;\nborder-color:#ee7203;\ncolor:#ffffff;\n-webkit-transition:all 0.4s ease-in-out;\n-moz-transition:all 0.4s ease-in-out;\n-ms-transition:all 0.4s ease-in-out;\n-o-transition:all 0.4s ease-in-out;\ntransition:all 0.4s ease-in-out;\n}\n<\/style>\n<a href='https:\/\/roskildejob.dk\/sv\/info-til-frivillige-2\/'  class='avia-button av-k489opjd-5-f64583a2b2aa5476ec4052eafaa55a36 avia-icon_select-yes-right-icon avia-size-large avia-position-center'  ><span class='avia_iconbox_title' >Schema, information och anm\u00e4lan<\/span><span class='avia_button_icon avia_button_icon_right' aria-hidden='true' data-av_icon='\ue832' data-av_iconfont='entypo-fontello'><\/span><\/a><\/div><\/p><\/div>\n<style type=\"text\/css\" data-created_by=\"avia_inline_auto\" id=\"style-css-av-craeu-ad225de945159d248bed99530b495e50\">\n.flex_column.av-craeu-ad225de945159d248bed99530b495e50{\n-webkit-border-radius:0px 0px 0px 0px;\n-moz-border-radius:0px 0px 0px 0px;\nborder-radius:0px 0px 0px 0px;\npadding:0px 0px 0px 0px;\n}\n<\/style>\n<div class='flex_column av-craeu-ad225de945159d248bed99530b495e50 av_one_half  avia-builder-el-23  el_after_av_one_half  el_before_av_hr  flex_column_div av-zero-column-padding'     ><p>\n<style type=\"text\/css\" data-created_by=\"avia_inline_auto\" id=\"style-css-av-fh0xi-d5ebd642e80ec30b8c5f49d6f711120f\">\n#top .av-special-heading.av-fh0xi-d5ebd642e80ec30b8c5f49d6f711120f{\npadding-bottom:10px;\n}\nbody .av-special-heading.av-fh0xi-d5ebd642e80ec30b8c5f49d6f711120f .av-special-heading-tag .heading-char{\nfont-size:25px;\n}\n.av-special-heading.av-fh0xi-d5ebd642e80ec30b8c5f49d6f711120f .av-subheading{\nfont-size:15px;\n}\n<\/style>\n<div  class='av-special-heading av-fh0xi-d5ebd642e80ec30b8c5f49d6f711120f av-special-heading-h3  avia-builder-el-24  el_before_av_textblock  avia-builder-el-first'><h3 class='av-special-heading-tag'  itemprop=\"headline\"  >Lagledare<\/h3><div class=\"special-heading-border\"><div class=\"special-heading-inner-border\"><\/div><\/div><\/div><br \/>\n<section  class='av_textblock_section av-p7mue-2-d1fbd69eb8b2042df37155a255a39585'  itemscope=\"itemscope\" itemtype=\"https:\/\/schema.org\/CreativeWork\" ><div class='avia_textblock'  itemprop=\"text\" ><p><span style=\"font-weight: 400;\">F\u00e5 en \u00f6verblick \u00f6ver din skiftplan, dina team och dina arbetsuppgifter om du har registrerat dig som lagledare. Se \u00e4ven m\u00f6testider och annan relevant information.<\/span><\/p>\n<\/div><\/section><br \/>\n<div  class='avia-button-wrap av-k489opjd-1-e190d8776f51a9744bac782b14e8c71a-wrap avia-button-center  avia-builder-el-26  el_after_av_textblock  avia-builder-el-last'>\n<style type=\"text\/css\" data-created_by=\"avia_inline_auto\" id=\"style-css-av-k489opjd-1-e190d8776f51a9744bac782b14e8c71a\">\n#top #wrap_all .avia-button.av-k489opjd-1-e190d8776f51a9744bac782b14e8c71a{\nbackground-color:#ee7203;\nborder-color:#ee7203;\ncolor:#ffffff;\n-webkit-transition:all 0.4s ease-in-out;\n-moz-transition:all 0.4s ease-in-out;\n-ms-transition:all 0.4s ease-in-out;\n-o-transition:all 0.4s ease-in-out;\ntransition:all 0.4s ease-in-out;\n}\n<\/style>\n<a href='https:\/\/roskildejob.dk\/sv\/info-til-holdledere-2\/'  class='avia-button av-k489opjd-1-e190d8776f51a9744bac782b14e8c71a avia-icon_select-yes-right-icon avia-size-large avia-position-center'  ><span class='avia_iconbox_title' >Schema, information och anm\u00e4lan<\/span><span class='avia_button_icon avia_button_icon_right' aria-hidden='true' data-av_icon='\ue832' data-av_iconfont='entypo-fontello'><\/span><\/a><\/div><\/p><\/div>\n<style type=\"text\/css\" data-created_by=\"avia_inline_auto\" id=\"style-css-av-jh7im-250b91787517aaec4afd202b5aed4578\">\n#top .hr.hr-invisible.av-jh7im-250b91787517aaec4afd202b5aed4578{\nheight:25px;\n}\n<\/style>\n<div  class='hr av-jh7im-250b91787517aaec4afd202b5aed4578 hr-invisible  avia-builder-el-27  el_after_av_one_half  el_before_av_heading'><span class='hr-inner'><span class=\"hr-inner-style\"><\/span><\/span><\/div><\/p>\n\n<style type=\"text\/css\" data-created_by=\"avia_inline_auto\" id=\"style-css-av-2aysfw-3075abe115c4978b1b3ef168f15f7e90\">\n#top .av-special-heading.av-2aysfw-3075abe115c4978b1b3ef168f15f7e90{\npadding-bottom:10px;\n}\nbody .av-special-heading.av-2aysfw-3075abe115c4978b1b3ef168f15f7e90 .av-special-heading-tag .heading-char{\nfont-size:25px;\n}\n.av-special-heading.av-2aysfw-3075abe115c4978b1b3ef168f15f7e90 .av-subheading{\nfont-size:15px;\n}\n<\/style>\n<div  class='av-special-heading av-2aysfw-3075abe115c4978b1b3ef168f15f7e90 av-special-heading-h2  avia-builder-el-28  el_after_av_hr  el_before_av_one_third'><h2 class='av-special-heading-tag'  itemprop=\"headline\"  >Hitta oss \/ m\u00f6tesplats<\/h2><div class=\"special-heading-border\"><div class=\"special-heading-inner-border\"><\/div><\/div><\/div>\n\n<style type=\"text\/css\" data-created_by=\"avia_inline_auto\" id=\"style-css-av-g1vpa-755cbe19ac4d680a9fbf83cbe7d616a0\">\n.flex_column.av-g1vpa-755cbe19ac4d680a9fbf83cbe7d616a0{\n-webkit-border-radius:0px 0px 0px 0px;\n-moz-border-radius:0px 0px 0px 0px;\nborder-radius:0px 0px 0px 0px;\npadding:0px 0px 0px 0px;\n}\n<\/style>\n<div class='flex_column av-g1vpa-755cbe19ac4d680a9fbf83cbe7d616a0 av_one_third  avia-builder-el-29  el_after_av_heading  el_before_av_two_third  first flex_column_div av-zero-column-padding'     ><section  class='av_textblock_section av-k61ynovj-c1a1c6012c7d42ec274560bbfa1e2622'  itemscope=\"itemscope\" itemtype=\"https:\/\/schema.org\/CreativeWork\" ><div class='avia_textblock'  itemprop=\"text\" ><p>Platsen f\u00f6r v\u00e5r bas f\u00f6r RF&#039;26 \u00e4r obest\u00e4md. H\u00e4r \u00e4r en karta som visar platsen n\u00e4r vi vet den, s\u00e5 att du enkelt kan hitta oss p\u00e5 festivalen.<\/p>\n<\/div><\/section><\/div>\n<style type=\"text\/css\" data-created_by=\"avia_inline_auto\" id=\"style-css-av-bnf86-d410db1be01b3f49425e89a3e0ad2b6b\">\n.flex_column.av-bnf86-d410db1be01b3f49425e89a3e0ad2b6b{\n-webkit-border-radius:0px 0px 0px 0px;\n-moz-border-radius:0px 0px 0px 0px;\nborder-radius:0px 0px 0px 0px;\npadding:0px 0px 0px 0px;\n}\n<\/style>\n<div class='flex_column av-bnf86-d410db1be01b3f49425e89a3e0ad2b6b av_two_third  avia-builder-el-31  el_after_av_one_third  avia-builder-el-last  flex_column_div av-zero-column-padding'     ><style type=\"text\/css\" data-created_by=\"avia_inline_auto\" id=\"style-css-av-k61ypxlb-587b4fba379b280dbfcb950448d339e0\">\n.avia-image-container.av-k61ypxlb-587b4fba379b280dbfcb950448d339e0 img.avia_image{\nbox-shadow:none;\n}\n.avia-image-container.av-k61ypxlb-587b4fba379b280dbfcb950448d339e0 .av-image-caption-overlay-center{\ncolor:#ffffff;\n}\n<\/style>\n<div  class='avia-image-container av-k61ypxlb-587b4fba379b280dbfcb950448d339e0 av-styling- avia-align-center  avia-builder-el-32  avia-builder-el-no-sibling'   itemprop=\"image\" itemscope=\"itemscope\" itemtype=\"https:\/\/schema.org\/ImageObject\" ><div class=\"avia-image-container-inner\"><div class=\"avia-image-overlay-wrap\"><img class='wp-image-1898 avia-img-lazy-loading-not-1898 avia_image lazyload' data-src='https:\/\/roskildejob.dk\/wp-content\/uploads\/2023\/06\/Roskildejob-location-300x259.jpg' alt='' title='Roskilde jobbplats'  height=\"259\" width=\"300\"  itemprop=\"thumbnailUrl\" src=\"data:image\/svg+xml;base64,PHN2ZyB3aWR0aD0iMSIgaGVpZ2h0PSIxIiB4bWxucz0iaHR0cDovL3d3dy53My5vcmcvMjAwMC9zdmciPjwvc3ZnPg==\" style=\"--smush-placeholder-width: 300px; --smush-placeholder-aspect-ratio: 300\/259;\" \/><\/div><\/div><\/div><\/div><\/p>","protected":false},"excerpt":{"rendered":"","protected":false},"author":5,"featured_media":0,"parent":0,"menu_order":0,"comment_status":"closed","ping_status":"closed","template":"","meta":{"footnotes":""},"class_list":["post-1676","page","type-page","status-publish","hentry"],"_links":{"self":[{"href":"https:\/\/roskildejob.dk\/sv\/wp-json\/wp\/v2\/pages\/1676","targetHints":{"allow":["GET"]}}],"collection":[{"href":"https:\/\/roskildejob.dk\/sv\/wp-json\/wp\/v2\/pages"}],"about":[{"href":"https:\/\/roskildejob.dk\/sv\/wp-json\/wp\/v2\/types\/page"}],"author":[{"embeddable":true,"href":"https:\/\/roskildejob.dk\/sv\/wp-json\/wp\/v2\/users\/5"}],"replies":[{"embeddable":true,"href":"https:\/\/roskildejob.dk\/sv\/wp-json\/wp\/v2\/comments?post=1676"}],"version-history":[{"count":17,"href":"https:\/\/roskildejob.dk\/sv\/wp-json\/wp\/v2\/pages\/1676\/revisions"}],"predecessor-version":[{"id":2222,"href":"https:\/\/roskildejob.dk\/sv\/wp-json\/wp\/v2\/pages\/1676\/revisions\/2222"}],"wp:attachment":[{"href":"https:\/\/roskildejob.dk\/sv\/wp-json\/wp\/v2\/media?parent=1676"}],"curies":[{"name":"wp","href":"https:\/\/api.w.org\/{rel}","templated":true}]}}