{"id":1722,"date":"2022-11-27T12:20:14","date_gmt":"2022-11-27T12:20:14","guid":{"rendered":"https:\/\/roskildejob.dk\/?page_id=1722"},"modified":"2026-01-05T17:03:45","modified_gmt":"2026-01-05T17:03:45","slug":"det-tilbyder-vi-2","status":"publish","type":"page","link":"https:\/\/roskildejob.dk\/sv\/det-tilbyder-vi-2\/","title":{"rendered":"Det erbjuder vi"},"content":{"rendered":"<style type=\"text\/css\" data-created_by=\"avia_inline_auto\" id=\"style-css-av-1xie7e-008450a0e94d2fcb14072934a66021e9\">\n#top .av-special-heading.av-1xie7e-008450a0e94d2fcb14072934a66021e9{\npadding-bottom:10px;\n}\nbody .av-special-heading.av-1xie7e-008450a0e94d2fcb14072934a66021e9 .av-special-heading-tag .heading-char{\nfont-size:25px;\n}\n.av-special-heading.av-1xie7e-008450a0e94d2fcb14072934a66021e9 .av-subheading{\nfont-size:15px;\n}\n<\/style>\n<div  class='av-special-heading av-1xie7e-008450a0e94d2fcb14072934a66021e9 av-special-heading-h1  avia-builder-el-0  el_before_av_two_third  avia-builder-el-first'><h1 class='av-special-heading-tag'  itemprop=\"headline\"  >Det erbjuder vi<\/h1><div class=\"special-heading-border\"><div class=\"special-heading-inner-border\"><\/div><\/div><\/div>\n\n<style type=\"text\/css\" data-created_by=\"avia_inline_auto\" id=\"style-css-av-wshk-53572a4531c6490124779eb7ee267bde\">\n.flex_column.av-wshk-53572a4531c6490124779eb7ee267bde{\n-webkit-border-radius:0px 0px 0px 0px;\n-moz-border-radius:0px 0px 0px 0px;\nborder-radius:0px 0px 0px 0px;\npadding:0px 0px 0px 0px;\n}\n<\/style>\n<div class='flex_column av-wshk-53572a4531c6490124779eb7ee267bde av_two_third  avia-builder-el-1  el_after_av_heading  avia-builder-el-last  first flex_column_div av-zero-column-padding'     ><p><section  class='av_textblock_section av-k6qg0rta-8dd4e89992adff90ac283ad8699dee34'  itemscope=\"itemscope\" itemtype=\"https:\/\/schema.org\/CreativeWork\" ><div class='avia_textblock manchet'  itemprop=\"text\" ><p>Genom att vara volont\u00e4r hos oss #Roskildejob \u2013 till exempel som campingv\u00e4rd \u2013 f\u00f6ljer du med till Roskilde Festival och blir samtidigt en del av ett starkt team med god sammanh\u00e5llning.<\/p>\n<\/div><\/section><br \/>\n<section  class='av_textblock_section av-k6qg27ly-0278c389d49e962314c6ebe4ee0d0f41'  itemscope=\"itemscope\" itemtype=\"https:\/\/schema.org\/CreativeWork\" ><div class='avia_textblock'  itemprop=\"text\" ><p><span style=\"font-weight: 400;\">De flesta av v\u00e5ra volont\u00e4rer \u00e4r l\u00e4gerv\u00e4rdar i de mysiga och lugna Caravan North och Caravan South omr\u00e5dena. Som campingv\u00e4rdar h\u00e5ller vi koll p\u00e5 campingomr\u00e5det och ser till att alla trivs.<\/span><\/p>\n<p><span style=\"font-weight: 400;\">Dessutom \u00e4r en mindre del av v\u00e5ra volont\u00e4rer teamledare f\u00f6r campingv\u00e4rdarna eller serviceansvariga.<\/span><\/p>\n<p><span style=\"font-weight: 400;\">&gt; <\/span><a href=\"https:\/\/roskildejob.dk\/sv\/info-til-frivillige\/\"><span style=\"font-weight: 400;\">Arbetsuppgifter och tj\u00e4nstg\u00f6ringsschema f\u00f6r campingv\u00e4rdar<\/span><\/a><\/p>\n<p><span style=\"font-weight: 400;\">&gt; <\/span><a href=\"https:\/\/roskildejob.dk\/sv\/info-til-holdledere\/\"><span style=\"font-weight: 400;\">Arbetsuppgifter och skiftschema f\u00f6r lagledare<\/span><\/a><\/p>\n<p><span style=\"font-weight: 400;\">&gt; <\/span><a href=\"https:\/\/roskildejob.dk\/sv\/info-til-service-managers\/\"><span style=\"font-weight: 400;\">Arbetsuppgifter och tj\u00e4nstg\u00f6ringsschema f\u00f6r servicechefer<\/span><\/a><\/p>\n<h2>Det g\u00f6r vi p\u00e5 Roskilde Festival<\/h2>\n<p><span style=\"font-weight: 400;\">V\u00e5r uppgift p\u00e5 Roskilde Festival \u00e4r att vara v\u00e4rd f\u00f6r Caravan. Det \u00e4r h\u00e4r husvagnar och motorcyklister finns. Det \u00e4r trevliga omr\u00e5den med m\u00e5nga etablerade l\u00e4ger, god st\u00e4mning och god gemenskap.\u00a0<\/span><\/p>\n<p><span style=\"font-weight: 400;\">Som campingv\u00e4rdar har vi i uppdrag att se till att alla trivs och trivs i det omr\u00e5de vi ansvarar f\u00f6r. Vi svarar p\u00e5 fr\u00e5gor, delar ut sops\u00e4ckar och har kul med g\u00e4sterna. Vi g\u00e5r \u00e4ven i brandtj\u00e4nst, h\u00e5ller toaletterna tillg\u00e4ngliga och \u00e4r generellt bra v\u00e4rdar.<\/span><\/p>\n<p><span style=\"font-weight: 400;\">Du f\u00e5r de exakta uppgifterna om uppgiften n\u00e4r du \u00e4r registrerad som volont\u00e4r hos oss.<\/span><\/p>\n<h2>S\u00e5 mycket m\u00e5ste du st\u00e4lla upp som volont\u00e4r \u2013 och det \u00e4r vad du f\u00e5r f\u00f6r det<\/h2>\n<p><span style=\"font-weight: 400;\">Som volont\u00e4r campingv\u00e4rd hos oss har du fyra 8-timmarspass, f\u00f6rdelade \u00f6ver hela festivalveckan. N\u00e5gra vakter l\u00e4gger sig d\u00e4rf\u00f6r medan musiken spelar p\u00e5 de stora scenerna; andra ligger f\u00f6re och efter.<\/span><\/p>\n<p><span style=\"font-weight: 400;\">I geng\u00e4ld f\u00e5r du:<\/span><\/p>\n<p>\u2013 festivalarmbandet,<br \/>\n\u2013 mat och dryck i v\u00e5r bas under hela festivalen,<br \/>\n\u2013 fri tillg\u00e5ng till ryggomr\u00e5dena,<br \/>\n\u2013 tillg\u00e5ng till det mycket speciella campingomr\u00e5det #Roskildejob (bel\u00e4get i Caravan N)<br \/>\n\u2013 tillg\u00e5ng till bokning av volont\u00e4rcamping<br \/>\n- M\u00f6jlighet att registrera sig <a href=\"https:\/\/roskildejob.dk\/sv\/klub-roskildejob\/\">Klub-Roskilde jobb och f\u00e5 gratis \u00f6l och vatten i v\u00e5r bas<\/a><\/p>\n<p><span style=\"font-weight: 400;\">\u2013 och d\u00e5 blir man en del av en stark gemenskap d\u00e4r vi har v\u00e4ldigt roligt tillsammans.<\/span><\/p>\n<p><span style=\"font-weight: 400;\">Du v\u00e4ljer sj\u00e4lv dina skift. Det blir tv\u00e5 eller tre f\u00f6re festivalen och en eller tv\u00e5 under festivalen. Kanske bildar ni ett enat kompisg\u00e4ng, kanske vill ni tr\u00e4ffa olika m\u00e4nniskor p\u00e5 de olika skiften, f\u00f6r alla kan v\u00e4lja.<\/span><\/p>\n<p><span style=\"font-weight: 400;\">Du kan se hur skiftena f\u00f6rdelar sig <\/span><span style=\"font-weight: 400;\">sida med information och tj\u00e4nstg\u00f6ringsschema f\u00f6r de frivilliga campingv\u00e4rdarna<\/span><\/p>\n<h2>Ingen erfarenhet kr\u00e4vs f\u00f6r att vara med<\/h2>\n<p><span style=\"font-weight: 400;\">Om du har modet att vara volont\u00e4r hos oss och vara en del av v\u00e5r grupp p\u00e5 Roskilde Festival \u00e4r det bara att registrera dig \u2013 d\u00e5 \u00e4r vi s\u00e4kra p\u00e5 att vi har en uppgift f\u00f6r dig.<\/span><\/p>\n<p><span style=\"font-weight: 400;\">Du beh\u00f6ver inte ha n\u00e5gon tidigare erfarenhet som volont\u00e4r p\u00e5 Roskilde Festival f\u00f6r att vara med \u2013 eller fr\u00e5n v\u00e5r grupp f\u00f6r den delen. Vi har varit volont\u00e4rer p\u00e5 festivalen i flera \u00e5r s\u00e5 vi kan arbetsuppgifterna mycket v\u00e4l \u2013 och d\u00e4rf\u00f6r kan vi enkelt hj\u00e4lpa dig och l\u00e4ra dig vad som beh\u00f6vs om du \u00e4r ny.<\/span><\/p>\n<p><span style=\"font-weight: 400;\">Allt vi kr\u00e4ver \u00e4r ett gott hum\u00f6r och ett seri\u00f6st f\u00f6rh\u00e5llningss\u00e4tt till uppgiften.<\/span><\/p>\n<h2>H\u00e4r hittar du oss p\u00e5 festivalen<\/h2>\n<p><span style=\"font-weight: 400;\">Vi har en fast plats p\u00e5 campingomr\u00e5det d\u00e4r du kan hitta oss \u2013 och som \u00e4ven \u00e4r m\u00f6tesplatsen n\u00e4r dina pass b\u00f6rjar.\u00a0<\/span><\/p>\n<p><span style=\"font-weight: 400;\">Exakt var det kommer att vara vet vi dock inte \u00e4nnu. S\u00e5 fort vi vet den exakta platsen kan du se den p\u00e5 en karta p\u00e5 denna sida.<\/span><\/p>\n<h2>Hur man skall registrera<\/h2>\n<p><span style=\"font-weight: 400;\">Vill du vara volont\u00e4r med #roskildejob p\u00e5 Roskilde Festival kan du registrera dig via Roskilde Festivals IT-system People. P\u00e5 undersidan om &#039;Info f\u00f6r volont\u00e4rer&#039; kan du l\u00e4sa mer om hur du anm\u00e4ler dig.<\/span><\/p>\n<p><a href=\"https:\/\/roskildejob.dk\/sv\/info-til-frivillige-2\/\"><span style=\"font-weight: 400;\">L\u00e4s mer om att anm\u00e4la dig som volont\u00e4r<\/span><\/a><\/p>\n<p><span style=\"font-weight: 400;\">Om du vill bli lagledare m\u00e5ste du anm\u00e4la dig via de olika l\u00e4nkarna p\u00e5 sidan &#039;Info f\u00f6r lagledare&#039;.<\/span><\/p>\n<\/div><\/section><br \/>\n<div class='avia-data-table-wrap av-3viws0-bc5e713565bcd00ba8d2ec8dbec4caf5 avia_responsive_table avia-table-1'><table  class='avia-table avia-data-table avia_pricing_default  avia-builder-el-4  el_after_av_textblock  el_before_av_textblock'  itemscope=\"itemscope\" itemtype=\"https:\/\/schema.org\/Table\" ><tbody><tr class=''><td class='avia-highlight-col'>Biljett och armband<\/td><td class=''>Du f\u00e5r sj\u00e4lvklart ditt armband med full tillg\u00e5ng till festivalen och m\u00f6jlighet att vara en del av en trevlig frivilliggemenskap.<\/td><\/tr><\/tbody><\/table><\/div><br \/>\n<section  class='av_textblock_section av-k6qg6qw6-62890129d26841e2b3a108d3e648a280'  itemscope=\"itemscope\" itemtype=\"https:\/\/schema.org\/CreativeWork\" ><div class='avia_textblock'  itemprop=\"text\" ><p>Dessutom f\u00e5r du f\u00f6ljande:<\/p>\n<\/div><\/section><br \/>\n<div class='avia-data-table-wrap av-37tkvc-6cc5f941c7ecea5f6912ab4138789546 avia_responsive_table avia-table-2'><table  class='avia-table avia-data-table avia_pricing_default  avia-builder-el-6  el_after_av_textblock  el_before_av_textblock'  itemscope=\"itemscope\" itemtype=\"https:\/\/schema.org\/Table\" ><tbody><tr class=''><td class='avia-highlight-col'>Gratis mobilladdning<br \/>\n<\/td><td class=''>Du kan ladda din mobiltelefon osv. gratis n\u00e4r du har jour hos oss. Du m\u00e5ste bara komma ih\u00e5g dina egna laddare.<\/td><\/tr><tr class=''><td class='avia-highlight-col'>Gratis mat och dryck<\/td><td class=''>Alla volont\u00e4rer f\u00e5r en huvudm\u00e5ltid n\u00e4r de \u00e4r i tj\u00e4nst. Vi erbjuder \u00e4ven frukost, massor av rostat br\u00f6d och dryck under ditt pass.<\/td><\/tr><tr class=''><td class='avia-highlight-col'>Gratis personalbuss<\/td><td class=''>Tillg\u00e5ng till medarbetarbussen som k\u00f6r skytteltrafik mellan infart \u00d6st och infart V\u00e4st med stopp l\u00e4ngs v\u00e4gen. Detta \u00e4r bekv\u00e4mt om du bor l\u00e5ngt bort.<\/td><\/tr><tr class=''><td class='avia-highlight-col'>Tidig tillg\u00e5ng till festivalomr\u00e5det<\/td><td class=''>Tillg\u00e5ng till festivalen innan den \u00f6ppnar, och m\u00f6jlighet att vara en del av &quot;start-up atmosf\u00e4ren&quot; bland volont\u00e4rerna. Det \u00e4r en fantastisk upplevelse.<\/td><\/tr><tr class=''><td class='avia-highlight-col'>Tillg\u00e5ng till personalomr\u00e5det bakom kulisserna<\/td><td class=''>Tillg\u00e5ng till de bakre omr\u00e5dena, inklusive volont\u00e4rbaromr\u00e5dena Volunteer Village bakom Arenascenen.<\/td><\/tr><\/tbody><\/table><\/div><br \/>\n<section  class='av_textblock_section av-k6qgcynd-1c8fd9cc5c88b57f2d14aa2eabc1de07'  itemscope=\"itemscope\" itemtype=\"https:\/\/schema.org\/CreativeWork\" ><div class='avia_textblock'  itemprop=\"text\" ><p><span style=\"font-weight: 400;\">Observera att armbandet du f\u00e5r som volont\u00e4r INTE \u00e4r ett av de vanliga tygarmbanden som betalande g\u00e4ster f\u00e5r. Ist\u00e4llet f\u00e5r du ett speciellt medarbetararmband. Det ger dock samma tillg\u00e5ng till festivalen som det vanliga armbandet \u2013 med mera. Tidigare har det varit m\u00f6jligt att f\u00e5 sitt medarbetararmband utbytt efter festivalen genom att skicka in det anv\u00e4nda medarbetararmbandet och ett st\u00e4mplat svarskuvert med egen adress.<\/span><\/p>\n<h2>Har du fr\u00e5gor eller tvivel?<\/h2>\n<p><span style=\"font-weight: 400;\">\u00c4r du tveksam till n\u00e5got? Skriv d\u00e5 till oss p\u00e5 <\/span><a href=\"mailto:info@roskildejob.dk\"><span style=\"font-weight: 400;\">info@roskildejob.dk<\/span><\/a><\/p>\n<\/div><\/section><\/p><\/div>","protected":false},"excerpt":{"rendered":"","protected":false},"author":5,"featured_media":0,"parent":0,"menu_order":0,"comment_status":"closed","ping_status":"closed","template":"","meta":{"footnotes":""},"class_list":["post-1722","page","type-page","status-publish","hentry"],"_links":{"self":[{"href":"https:\/\/roskildejob.dk\/sv\/wp-json\/wp\/v2\/pages\/1722","targetHints":{"allow":["GET"]}}],"collection":[{"href":"https:\/\/roskildejob.dk\/sv\/wp-json\/wp\/v2\/pages"}],"about":[{"href":"https:\/\/roskildejob.dk\/sv\/wp-json\/wp\/v2\/types\/page"}],"author":[{"embeddable":true,"href":"https:\/\/roskildejob.dk\/sv\/wp-json\/wp\/v2\/users\/5"}],"replies":[{"embeddable":true,"href":"https:\/\/roskildejob.dk\/sv\/wp-json\/wp\/v2\/comments?post=1722"}],"version-history":[{"count":9,"href":"https:\/\/roskildejob.dk\/sv\/wp-json\/wp\/v2\/pages\/1722\/revisions"}],"predecessor-version":[{"id":2117,"href":"https:\/\/roskildejob.dk\/sv\/wp-json\/wp\/v2\/pages\/1722\/revisions\/2117"}],"wp:attachment":[{"href":"https:\/\/roskildejob.dk\/sv\/wp-json\/wp\/v2\/media?parent=1722"}],"curies":[{"name":"wp","href":"https:\/\/api.w.org\/{rel}","templated":true}]}}