{"id":1731,"date":"2022-11-27T12:24:12","date_gmt":"2022-11-27T12:24:12","guid":{"rendered":"https:\/\/roskildejob.dk\/?page_id=1731"},"modified":"2026-01-05T17:04:53","modified_gmt":"2026-01-05T17:04:53","slug":"hvem-er-vi-2","status":"publish","type":"page","link":"https:\/\/roskildejob.dk\/sv\/hvem-er-vi-2\/","title":{"rendered":"Vilka \u00e4r vi"},"content":{"rendered":"<style type=\"text\/css\" data-created_by=\"avia_inline_auto\" id=\"style-css-av-6t05f-99b0138db7fba30c9f24eb7d42b93553\">\n.flex_column.av-6t05f-99b0138db7fba30c9f24eb7d42b93553{\n-webkit-border-radius:0px 0px 0px 0px;\n-moz-border-radius:0px 0px 0px 0px;\nborder-radius:0px 0px 0px 0px;\npadding:0px 0px 0px 0px;\n}\n<\/style>\n<div class='flex_column av-6t05f-99b0138db7fba30c9f24eb7d42b93553 av_two_third  avia-builder-el-0  avia-builder-el-no-sibling  first flex_column_div av-zero-column-padding'     ><p>\n<style type=\"text\/css\" data-created_by=\"avia_inline_auto\" id=\"style-css-av-2yt79f-66e9017f0dd58f4a0567217811982aea\">\n#top .av-special-heading.av-2yt79f-66e9017f0dd58f4a0567217811982aea{\npadding-bottom:10px;\n}\nbody .av-special-heading.av-2yt79f-66e9017f0dd58f4a0567217811982aea .av-special-heading-tag .heading-char{\nfont-size:25px;\n}\n.av-special-heading.av-2yt79f-66e9017f0dd58f4a0567217811982aea .av-subheading{\nfont-size:15px;\n}\n<\/style>\n<div  class='av-special-heading av-2yt79f-66e9017f0dd58f4a0567217811982aea av-special-heading-h1  avia-builder-el-1  el_before_av_textblock  avia-builder-el-first'><h1 class='av-special-heading-tag'  itemprop=\"headline\"  >Vilka \u00e4r vi?<\/h1><div class=\"special-heading-border\"><div class=\"special-heading-inner-border\"><\/div><\/div><\/div><br \/>\n<section  class='av_textblock_section av-k6qgfnpb-d69689503a64e4ac2e5ca8fb50c5beaf'  itemscope=\"itemscope\" itemtype=\"https:\/\/schema.org\/CreativeWork\" ><div class='avia_textblock manchet'  itemprop=\"text\" ><p>#Roskildejob organiserar campingv\u00e4rdar f\u00f6r Roskilde Festivals Caravan North och Caravan South omr\u00e5den. Vi \u00e4r en st\u00f6df\u00f6rening f\u00f6r Skogsv\u00e4gens bl\u00e5 scouter utanf\u00f6r Holb\u00e6k<\/p>\n<\/div><\/section><br \/>\n<section  class='av_textblock_section av-k6qgf6kn-7e5da9e67c598dd0174836ff3147b7af'  itemscope=\"itemscope\" itemtype=\"https:\/\/schema.org\/CreativeWork\" ><div class='avia_textblock'  itemprop=\"text\" ><p>V\u00e5r scoutgrupp \u00e4r baserad p\u00e5 Kagerup Scoutcenter bel\u00e4get i skogen sydv\u00e4st om Holb\u00e6k, och best\u00e5r av pojkar och tjejer i alla \u00e5ldrar. Genom v\u00e5rt arbete p\u00e5 Roskildefestivalen kan vi st\u00f6tta scoutgruppen ekonomiskt.<\/p>\n<p>Som volont\u00e4r hos oss p\u00e5 Roskilde Festival bidrar du till att v\u00e5r scoutgrupp kan forts\u00e4tta ha goda erfarenheter och st\u00e4rka scoutgemenskapen.<\/p>\n<h2>Vilka \u00e4r Skovvegens bl\u00e5 scouter?<\/h2>\n<p>Skovvejens bl\u00e5 scouter anordnar en m\u00e4ngd aktiviteter f\u00f6r barn och unga i v\u00e5rt n\u00e4romr\u00e5de. Det kan bara lyckas f\u00f6r att vi f\u00e5r pengar varje \u00e5r genom v\u00e5rt arbete p\u00e5 Roskilde Festival. S\u00e5 de timmar du l\u00e4gger ner som volont\u00e4r f\u00f6r oss kan vi oms\u00e4tta direkt till aktiviteter f\u00f6r v\u00e5ra scouter \u2013 tack f\u00f6r det, det betyder v\u00e4rlden f\u00f6r oss!<\/p>\n<p>Gruppens scouter \u00e4r mycket aktiva i naturen och deltar regelbundet i aktiviteter b\u00e5de i Danmark och utomlands. Varje \u00e5r erbjuds alla scouter resor och l\u00e4ger utomlands och det kan bland annat g\u00f6ras tack vare v\u00e5ra insatser p\u00e5 Roskildefestivalen.<\/p>\n<p>&gt; <a href=\"https:\/\/grp3405.gruppeweb.dk\/\" target=\"_blank\" rel=\"noopener\">L\u00e4s mer om Skovvejens bl\u00e5 scouter p\u00e5 www.blaaspejder.eu<\/a><\/p>\n<h2>Vad g\u00f6r vi p\u00e5 Roskilde Festival?<\/h2>\n<p><span style=\"font-weight: 400;\">V\u00e5r uppgift p\u00e5 Roskilde Festival best\u00e5r i f\u00f6rsta hand av att vara campingv\u00e4rdar (det som f\u00f6rr kallades vakter) dels p\u00e5 campingomr\u00e5de Caravan North (omr\u00e5det norr om motorv\u00e4gen), dels p\u00e5 campingomr\u00e5de Caravan South (omr\u00e5de i s\u00f6der mot Darup).<br \/>\n<\/span><\/p>\n<p><span style=\"font-weight: 400;\">&gt; <a href=\"https:\/\/roskildejob.dk\/sv\/info-til-frivillige\/\">L\u00e4s mer om att vara volont\u00e4r campingv\u00e4rd<\/a><\/span><\/p>\n<h2>Hur mycket kan vi st\u00f6tta Skovvegens Bl\u00e5 Scouter<\/h2>\n<p><span style=\"font-weight: 400;\">Det arbete vi g\u00f6r p\u00e5 Roskildefestivalen g\u00f6r stor skillnad f\u00f6r Skovvejens Bl\u00e5 Spejdere p\u00e5 V\u00e4stsj\u00e4lland. \u00c5r 2025 kunde vi donera 60 000 kronor till scoutgruppen, som sedan kunde erbjuda ett brett utbud av aktiviteter f\u00f6r barn och unga \u2013 av vilka m\u00e5nga annars inte skulle ha ekonomin att delta.<\/span><\/p>\n<h2>Skovvegens bl\u00e5 scouter st\u00f6djer Mercy Scouts<\/h2>\n<p>Mercy Scouts i Uganda g\u00f6r en formidabel insats f\u00f6r att gynna fattiga familjer. Bland annat. k\u00f6per Mercy Scouts myggn\u00e4t som delas ut till fattiga familjer och l\u00e4r dem hur man anv\u00e4nder n\u00e4ten r\u00e4tt. De tillhandah\u00e5ller ocks\u00e5 vattenreningsverk till byar s\u00e5 att vattenburna sjukdomar minskar. En del av int\u00e4kterna fr\u00e5n Roskilde Festival sk\u00e4nks till Mercy Scouts. L\u00e4s mer om <a href=\"https:\/\/www.facebook.com\/mercyscouts\/\">Mercy Scouts<\/a>.<\/p>\n<\/div><\/section><\/p><\/div>","protected":false},"excerpt":{"rendered":"","protected":false},"author":5,"featured_media":0,"parent":0,"menu_order":0,"comment_status":"closed","ping_status":"closed","template":"","meta":{"footnotes":""},"class_list":["post-1731","page","type-page","status-publish","hentry"],"_links":{"self":[{"href":"https:\/\/roskildejob.dk\/sv\/wp-json\/wp\/v2\/pages\/1731","targetHints":{"allow":["GET"]}}],"collection":[{"href":"https:\/\/roskildejob.dk\/sv\/wp-json\/wp\/v2\/pages"}],"about":[{"href":"https:\/\/roskildejob.dk\/sv\/wp-json\/wp\/v2\/types\/page"}],"author":[{"embeddable":true,"href":"https:\/\/roskildejob.dk\/sv\/wp-json\/wp\/v2\/users\/5"}],"replies":[{"embeddable":true,"href":"https:\/\/roskildejob.dk\/sv\/wp-json\/wp\/v2\/comments?post=1731"}],"version-history":[{"count":6,"href":"https:\/\/roskildejob.dk\/sv\/wp-json\/wp\/v2\/pages\/1731\/revisions"}],"predecessor-version":[{"id":2225,"href":"https:\/\/roskildejob.dk\/sv\/wp-json\/wp\/v2\/pages\/1731\/revisions\/2225"}],"wp:attachment":[{"href":"https:\/\/roskildejob.dk\/sv\/wp-json\/wp\/v2\/media?parent=1731"}],"curies":[{"name":"wp","href":"https:\/\/api.w.org\/{rel}","templated":true}]}}