{"id":1738,"date":"2022-11-29T18:01:02","date_gmt":"2022-11-29T18:01:02","guid":{"rendered":"https:\/\/roskildejob.dk\/?page_id=1738"},"modified":"2022-12-29T17:42:18","modified_gmt":"2022-12-29T17:42:18","slug":"info-til-service-managers-3","status":"publish","type":"page","link":"https:\/\/roskildejob.dk\/sv\/info-til-service-managers-3\/","title":{"rendered":"Information till servicechefer"},"content":{"rendered":"<style type=\"text\/css\" data-created_by=\"avia_inline_auto\" id=\"style-css-av-dejus-55e380baab9e5335cc197cded7144089\">\n.flex_column.av-dejus-55e380baab9e5335cc197cded7144089{\n-webkit-border-radius:0px 0px 0px 0px;\n-moz-border-radius:0px 0px 0px 0px;\nborder-radius:0px 0px 0px 0px;\npadding:0px 0px 0px 0px;\n}\n<\/style>\n<div class='flex_column av-dejus-55e380baab9e5335cc197cded7144089 av_two_third  avia-builder-el-0  el_before_av_table  avia-builder-el-first  first flex_column_div av-zero-column-padding'     ><p>\n<style type=\"text\/css\" data-created_by=\"avia_inline_auto\" id=\"style-css-av-av_heading-84f677f0fee72d3ff20ab52cc78f1b61\">\n#top .av-special-heading.av-av_heading-84f677f0fee72d3ff20ab52cc78f1b61{\npadding-bottom:10px;\n}\nbody .av-special-heading.av-av_heading-84f677f0fee72d3ff20ab52cc78f1b61 .av-special-heading-tag .heading-char{\nfont-size:25px;\n}\n.av-special-heading.av-av_heading-84f677f0fee72d3ff20ab52cc78f1b61 .av-subheading{\nfont-size:15px;\n}\n<\/style>\n<div  class='av-special-heading av-av_heading-84f677f0fee72d3ff20ab52cc78f1b61 av-special-heading-h1  avia-builder-el-1  el_before_av_textblock  avia-builder-el-first'><h1 class='av-special-heading-tag'  itemprop=\"headline\"  >Servicechefer<\/h1><div class=\"special-heading-border\"><div class=\"special-heading-inner-border\"><\/div><\/div><\/div><br \/>\n<section  class='av_textblock_section av-k6qhfcay-ac9725bd34e6ada269251b808d966336'  itemscope=\"itemscope\" itemtype=\"https:\/\/schema.org\/CreativeWork\" ><div class='avia_textblock manchet'  itemprop=\"text\" ><p>Vi s\u00f6ker ett antal Servicechefer till campingomr\u00e5det, som i samarbete med \u00f6vriga Servicechefer \u00e4r chefer f\u00f6r Arbetsledarna som ansvarar f\u00f6r driften av campingomr\u00e5dena.<\/p>\n<p>Alla Service Managers rapporterar direkt till Roskilde Festivals omr\u00e5deschefer f\u00f6r Caravan North.<\/p>\n<p>N\u00e4r du har anm\u00e4lt dig som Service Manager kommer du att bli kontaktad av Roskilde Festivals omr\u00e5deschefer f\u00f6r en mer detaljerad diskussion kring arbetsuppgifter och ansvar. F\u00f6rst efter denna intervju blir du \u00e4ntligen antagen som Service Manager.<\/p>\n<\/div><\/section><br \/>\n<section  class='av_textblock_section av-a358s-12c75b9c6bc494a78164950d5b25f32f'  itemscope=\"itemscope\" itemtype=\"https:\/\/schema.org\/CreativeWork\" ><div class='avia_textblock'  itemprop=\"text\" ><\/div><\/section><\/p><\/div><div class='avia-data-table-wrap av-67d0se-7955a9bb66112d2faaa5d4b59a54f25c avia_responsive_table avia-table-1'><table  class='avia-table avia-data-table avia_pricing_default  avia-builder-el-4  el_after_av_two_third  el_before_av_two_third'  itemscope=\"itemscope\" itemtype=\"https:\/\/schema.org\/Table\" ><tbody><tr class='avia-heading-row'><th class=''>Tj\u00e4nstg\u00f6ringsperiod<\/th><th class=''>l\u00f6rdag<\/th><th class=''>s\u00f6ndag<\/th><th class=''>m\u00e5ndag<\/th><th class=''>tisdag<\/th><th class=''>onsdag<\/th><th class=''>torsdag<\/th><th class=''>fredag<\/th><th class=''>l\u00f6rdag<\/th><th class=''>s\u00f6ndag<\/th><\/tr><tr class=''><td class=''>Morgonskift<br \/>\n(07.00-15.00)<\/td><td class=''><\/td><td class=''><\/p>\n<div class=\"hold1\">Lag 1<\/div>\n<p><\/td><td class=''><\/p>\n<div class=\"hold2\">Lag 2<\/div>\n<p><\/td><td class=''><\/p>\n<div class=\"hold3\">Lag 3<\/div>\n<p><\/td><td class=''><\/p>\n<div class=\"hold4\">Lag 4<\/div>\n<p><\/td><td class=''><\/p>\n<div class=\"hold5\">Lag 5<\/div>\n<p><\/td><td class=''><\/p>\n<div class=\"hold6\">Lag 6<\/div>\n<p><\/td><td class=''><\/p>\n<div class=\"hold1\">Lag 1<\/div>\n<p><\/td><td class=''><\/p>\n<div class=\"hold2\">Lag 2<\/div>\n<p><\/td><\/tr><tr class=''><td class=''>Kv\u00e4llsskift<br \/>\n(15.00-23.00)<\/td><td class=''><\/p>\n<div class=\"hold3\">Lag 3<\/div>\n<p><\/td><td class=''><\/p>\n<div class=\"hold4\">Lag 4<\/div>\n<p><\/td><td class=''><\/p>\n<div class=\"hold5\">Lag 5<\/div>\n<p><\/td><td class=''><\/p>\n<div class=\"hold6\">Lag 6<\/div>\n<p><\/td><td class=''><\/p>\n<div class=\"hold1\">Lag 1<\/div>\n<p><\/td><td class=''><\/p>\n<div class=\"hold2\">Lag 2<\/div>\n<p><\/td><td class=''><\/p>\n<div class=\"hold3\">Lag 3<\/div>\n<p><\/td><td class=''><\/p>\n<div class=\"hold4\">Lag 4<\/div>\n<p><\/td><td class=''><\/td><\/tr><tr class=''><td class=''>Nattv\u00e4ktare<br \/>\n(23.00-07.00)<\/td><td class=''><\/p>\n<div class=\"hold5\">Lag 5<\/div>\n<p><\/td><td class=''><\/p>\n<div class=\"hold6\">Lag 6<\/div>\n<p><\/td><td class=''><\/p>\n<div class=\"hold1\">Lag 1<\/div>\n<p><\/td><td class=''><\/p>\n<div class=\"hold2\">Lag 2<\/div>\n<p><\/td><td class=''><\/p>\n<div class=\"hold3\">Lag 3<\/div>\n<p><\/td><td class=''><\/p>\n<div class=\"hold4\">Lag 4<\/div>\n<p><\/td><td class=''><\/p>\n<div class=\"hold5\">Lag 5<\/div>\n<p><\/td><td class=''><\/p>\n<div class=\"hold6\">Lag 6<\/div>\n<p><\/td><td class=''><\/td><\/tr><\/tbody><\/table><\/div><style type='text\/css'>.avia-table-1 td:nth-of-type(1):before { content: 'Vagtperiode'; } .avia-table-1 td:nth-of-type(2):before { content: 'L\u00f8rdag'; } .avia-table-1 td:nth-of-type(3):before { content: 'S\u00f8ndag'; } .avia-table-1 td:nth-of-type(4):before { content: 'Mandag'; } .avia-table-1 td:nth-of-type(5):before { content: 'Tirsdag'; } .avia-table-1 td:nth-of-type(6):before { content: 'Onsdag'; } .avia-table-1 td:nth-of-type(7):before { content: 'Torsdag'; } .avia-table-1 td:nth-of-type(8):before { content: 'Fredag'; } .avia-table-1 td:nth-of-type(9):before { content: 'L\u00f8rdag'; } .avia-table-1 td:nth-of-type(10):before { content: 'S\u00f8ndag'; } <\/style><\/p>\n\n<style type=\"text\/css\" data-created_by=\"avia_inline_auto\" id=\"style-css-av-bu8uk-f1ec7900c6ec2cc784d05e86fc05fd20\">\n.flex_column.av-bu8uk-f1ec7900c6ec2cc784d05e86fc05fd20{\n-webkit-border-radius:0px 0px 0px 0px;\n-moz-border-radius:0px 0px 0px 0px;\nborder-radius:0px 0px 0px 0px;\npadding:0px 0px 0px 0px;\n}\n<\/style>\n<div class='flex_column av-bu8uk-f1ec7900c6ec2cc784d05e86fc05fd20 av_two_third  avia-builder-el-5  el_after_av_table  el_before_av_one_third  first flex_column_div av-zero-column-padding'     ><section  class='av_textblock_section av-k6qhgubx-1334e328e89ff183f1a361eb0c6458fb'  itemscope=\"itemscope\" itemtype=\"https:\/\/schema.org\/CreativeWork\" ><div class='avia_textblock'  itemprop=\"text\" ><h2>Registrering och f\u00f6rteckning<\/h2>\n<p><span style=\"font-weight: 400;\">I tabellen nedan kan du se vem som \u00e4r registrerad som Service Manager f\u00f6r de enskilda teamen \u2013 och om en Service Manager fortfarande saknas.\u00a0<\/span><\/p>\n<p><strong>Om du har varit volont\u00e4r p\u00e5 Roskilde Festival tidigare m\u00e5ste du anv\u00e4nda din gamla inloggning f\u00f6r People.<\/strong><\/p>\n<p><span style=\"font-weight: 400;\">Klicka p\u00e5 registreringsknappen nedan f\u00f6r att registrera dig som Service Manager. H\u00e4r st\u00f6ter du p\u00e5 Roskilde Festivals system f\u00f6r volont\u00e4rer. H\u00e4r m\u00e5ste du \u2013 om du inte redan har en \u2013 skapa en profil.<\/span><\/p>\n<p><span style=\"font-weight: 400;\">I anm\u00e4lningsformul\u00e4ret kan du skriva vilket lag du vill knytas till. Vi kommer efter b\u00e4sta f\u00f6rm\u00e5ga att tillgodose din \u00f6nskan, men vi f\u00f6rbeh\u00e5ller oss r\u00e4tten att rotera f\u00f6r att skiftschemat ska fungera s\u00e5 bra som m\u00f6jligt. Om vi flyttar dig till ett annat lag kommer du att meddelas i s\u00e5 god tid som m\u00f6jligt.<\/span><\/p>\n<\/div><\/section><br \/>\n<div  class='avia-button-wrap av-k66diij0-30f07bbcdb62cbab54413cf5be5250be-wrap avia-button-center  avia-builder-el-7  el_after_av_textblock  avia-builder-el-last'>\n<style type=\"text\/css\" data-created_by=\"avia_inline_auto\" id=\"style-css-av-k66diij0-30f07bbcdb62cbab54413cf5be5250be\">\n#top #wrap_all .avia-button.av-k66diij0-30f07bbcdb62cbab54413cf5be5250be{\nbackground-color:#ee7203;\nborder-color:#ee7203;\ncolor:#ffffff;\n-webkit-transition:all 0.4s ease-in-out;\n-moz-transition:all 0.4s ease-in-out;\n-ms-transition:all 0.4s ease-in-out;\n-o-transition:all 0.4s ease-in-out;\ntransition:all 0.4s ease-in-out;\n}\n<\/style>\n<a href='https:\/\/people-vol.roskilde-festival.dk\/bliv-frivillig\/?guid=582ad3bd-41da-4c6c-b7dc-b2d11a773a37' class='avia-button av-k66diij0-30f07bbcdb62cbab54413cf5be5250be avia-icon_select-yes-right-icon avia-size-large avia-position-center' target=\"_blank\" rel=\"noopener noreferrer\"><span class='avia_iconbox_title' >Registrera dig som Service Manager<\/span><span class='avia_button_icon avia_button_icon_right' aria-hidden='true' data-av_icon='\ue832' data-av_iconfont='entypo-fontello'><\/span><\/a><\/div><\/p><\/div>\n\n<style type=\"text\/css\" data-created_by=\"avia_inline_auto\" id=\"style-css-av-7gdz8-7ebbe4ce36bc77bba27a9c0e33aab307\">\n.flex_column.av-7gdz8-7ebbe4ce36bc77bba27a9c0e33aab307{\n-webkit-border-radius:0px 0px 0px 0px;\n-moz-border-radius:0px 0px 0px 0px;\nborder-radius:0px 0px 0px 0px;\npadding:0px 0px 0px 0px;\n}\n<\/style>\n<div class='flex_column av-7gdz8-7ebbe4ce36bc77bba27a9c0e33aab307 av_one_third  avia-builder-el-8  el_after_av_two_third  el_before_av_one_third  flex_column_div av-zero-column-padding'     ><\/div>\n\n<style type=\"text\/css\" data-created_by=\"avia_inline_auto\" id=\"style-css-av-3zx9i-a34bc407177e76e277cdedbc7fe6ffbf\">\n.flex_column.av-3zx9i-a34bc407177e76e277cdedbc7fe6ffbf{\n-webkit-border-radius:0px 0px 0px 0px;\n-moz-border-radius:0px 0px 0px 0px;\nborder-radius:0px 0px 0px 0px;\npadding:0px 0px 0px 0px;\n}\n<\/style>\n<div class='flex_column av-3zx9i-a34bc407177e76e277cdedbc7fe6ffbf av_one_third  avia-builder-el-9  el_after_av_one_third  el_before_av_one_third  holdboks hold1 first flex_column_div av-zero-column-padding column-top-margin'     ><section  class='av_textblock_section av-k66dfowk-e06843354fe257dbbd3b6d31a35e6b01'  itemscope=\"itemscope\" itemtype=\"https:\/\/schema.org\/CreativeWork\" ><div class='avia_textblock'  itemprop=\"text\" ><h3>Lag 1<\/h3>\n<p>S\u00f6ndag 26.6 07.00-15.00<br \/>\nM\u00e5ndag 27.6 23.00-07.00<br \/>\nOnsdag 30.6 15.00-23.00<br \/>\nL\u00f6rdag 2.7 07.00-15.00<\/p>\n<h4><strong>Registrerad Service Manager<\/strong><\/h4>\n<p><em>Ingen \u00e4n<\/em><\/p>\n<\/div><\/section><\/div>\n\n<style type=\"text\/css\" data-created_by=\"avia_inline_auto\" id=\"style-css-av-3zx9i-3c6a2d4749f7949c3ae6141f8e87507c\">\n.flex_column.av-3zx9i-3c6a2d4749f7949c3ae6141f8e87507c{\n-webkit-border-radius:0px 0px 0px 0px;\n-moz-border-radius:0px 0px 0px 0px;\nborder-radius:0px 0px 0px 0px;\npadding:0px 0px 0px 0px;\n}\n<\/style>\n<div class='flex_column av-3zx9i-3c6a2d4749f7949c3ae6141f8e87507c av_one_third  avia-builder-el-11  el_after_av_one_third  el_before_av_one_third  holdboks hold2 flex_column_div av-zero-column-padding column-top-margin'     ><section  class='av_textblock_section av-k66dfowk-e06843354fe257dbbd3b6d31a35e6b01'  itemscope=\"itemscope\" itemtype=\"https:\/\/schema.org\/CreativeWork\" ><div class='avia_textblock'  itemprop=\"text\" ><h3>Lag 2<\/h3>\n<p>M\u00e5ndag 27.6 07.00-15.00<br \/>\nTisdag 28.6 23.00-07.00<br \/>\nTorsdag 30.6 15.00-23.00<br \/>\nS\u00f6ndag 3.7 07.00-15.00<\/p>\n<h4><strong>Registrerad Service Manager<\/strong><\/h4>\n<p><em>Ingen \u00e4n<\/em><\/p>\n<\/div><\/section><\/div>\n\n<style type=\"text\/css\" data-created_by=\"avia_inline_auto\" id=\"style-css-av-3zx9i-b74b85152da8f4a5acb8c8f62aaa1116\">\n.flex_column.av-3zx9i-b74b85152da8f4a5acb8c8f62aaa1116{\n-webkit-border-radius:0px 0px 0px 0px;\n-moz-border-radius:0px 0px 0px 0px;\nborder-radius:0px 0px 0px 0px;\npadding:0px 0px 0px 0px;\n}\n<\/style>\n<div class='flex_column av-3zx9i-b74b85152da8f4a5acb8c8f62aaa1116 av_one_third  avia-builder-el-13  el_after_av_one_third  el_before_av_one_third  holdboks hold3 flex_column_div av-zero-column-padding column-top-margin'     ><section  class='av_textblock_section av-k66dfowk-e06843354fe257dbbd3b6d31a35e6b01'  itemscope=\"itemscope\" itemtype=\"https:\/\/schema.org\/CreativeWork\" ><div class='avia_textblock'  itemprop=\"text\" ><h3>Lag 3<\/h3>\n<p>L\u00f6rdag 25.6 15.00-23.00<br \/>\nTisdag 28.6 07.00-15.00<br \/>\nOnsdag 29.6 23.00-07.00<br \/>\nFredag 1.7 15.00-23.00<\/p>\n<h4><strong>Registrerad Service Manager<\/strong><\/h4>\n<p><em>Ingen \u00e4n<\/em><\/p>\n<\/div><\/section><\/div>\n\n<style type=\"text\/css\" data-created_by=\"avia_inline_auto\" id=\"style-css-av-3zx9i-714ea6e730d252b5e5548e71579d7db9\">\n.flex_column.av-3zx9i-714ea6e730d252b5e5548e71579d7db9{\n-webkit-border-radius:0px 0px 0px 0px;\n-moz-border-radius:0px 0px 0px 0px;\nborder-radius:0px 0px 0px 0px;\npadding:0px 0px 0px 0px;\n}\n<\/style>\n<div class='flex_column av-3zx9i-714ea6e730d252b5e5548e71579d7db9 av_one_third  avia-builder-el-15  el_after_av_one_third  el_before_av_one_third  holdboks hold4 first flex_column_div av-zero-column-padding column-top-margin'     ><section  class='av_textblock_section av-k66dfowk-e06843354fe257dbbd3b6d31a35e6b01'  itemscope=\"itemscope\" itemtype=\"https:\/\/schema.org\/CreativeWork\" ><div class='avia_textblock'  itemprop=\"text\" ><h3>Lag 4<\/h3>\n<p>S\u00f6ndag 26.6 15.00-23.00<br \/>\nOnsdag 29.6 07.00-15.00<br \/>\nTorsdag 30.6 23.00-07.00<br \/>\nL\u00f6rdag 2.7 15.00-23.00<\/p>\n<h4><strong>Registrerad Service Manager<\/strong><\/h4>\n<p><em>Ingen \u00e4n<\/em><\/p>\n<\/div><\/section><\/div>\n\n<style type=\"text\/css\" data-created_by=\"avia_inline_auto\" id=\"style-css-av-3zx9i-c6e430c32e8a2922cd5dc3b384156aee\">\n.flex_column.av-3zx9i-c6e430c32e8a2922cd5dc3b384156aee{\n-webkit-border-radius:0px 0px 0px 0px;\n-moz-border-radius:0px 0px 0px 0px;\nborder-radius:0px 0px 0px 0px;\npadding:0px 0px 0px 0px;\n}\n<\/style>\n<div class='flex_column av-3zx9i-c6e430c32e8a2922cd5dc3b384156aee av_one_third  avia-builder-el-17  el_after_av_one_third  el_before_av_one_third  holdboks hold5 flex_column_div av-zero-column-padding column-top-margin'     ><section  class='av_textblock_section av-k66dfowk-e06843354fe257dbbd3b6d31a35e6b01'  itemscope=\"itemscope\" itemtype=\"https:\/\/schema.org\/CreativeWork\" ><div class='avia_textblock'  itemprop=\"text\" ><h3>Lag 5<\/h3>\n<p>L\u00f6rdag 25.6 23.00-07.00<br \/>\nM\u00e5ndag 27.6 15.00-23.00<br \/>\nTorsdag 30.6 07.00-15.00<br \/>\nFredag 1.7 23.00-07.00<\/p>\n<h4><strong>Registrerad Service Manager<\/strong><\/h4>\n<p><em>Ingen \u00e4n<\/em><\/p>\n<\/div><\/section><\/div>\n\n<style type=\"text\/css\" data-created_by=\"avia_inline_auto\" id=\"style-css-av-3zx9i-548e0cf61a2066cd54d523058db37675\">\n.flex_column.av-3zx9i-548e0cf61a2066cd54d523058db37675{\n-webkit-border-radius:0px 0px 0px 0px;\n-moz-border-radius:0px 0px 0px 0px;\nborder-radius:0px 0px 0px 0px;\npadding:0px 0px 0px 0px;\n}\n<\/style>\n<div class='flex_column av-3zx9i-548e0cf61a2066cd54d523058db37675 av_one_third  avia-builder-el-19  el_after_av_one_third  el_before_av_one_half  holdboks hold6 flex_column_div av-zero-column-padding column-top-margin'     ><section  class='av_textblock_section av-k66dfowk-e06843354fe257dbbd3b6d31a35e6b01'  itemscope=\"itemscope\" itemtype=\"https:\/\/schema.org\/CreativeWork\" ><div class='avia_textblock'  itemprop=\"text\" ><h3>Lag 6<\/h3>\n<p>S\u00f6ndag 26.6 23.00-07.00<br \/>\nTisdag 28.6 15.00-23.00<br \/>\nFredag 1.7 07.00-15.00<br \/>\nL\u00f6rdag 2.7 23.00-07.00<\/p>\n<h4><strong>Registrerad Service Manager<\/strong><\/h4>\n<p><em>Ingen \u00e4n<\/em><\/p>\n<\/div><\/section><\/div>\n\n<style type=\"text\/css\" data-created_by=\"avia_inline_auto\" id=\"style-css-av-av_one_half-25347b0a799d5b9f7058434b2a9c3182\">\n.flex_column.av-av_one_half-25347b0a799d5b9f7058434b2a9c3182{\n-webkit-border-radius:0px 0px 0px 0px;\n-moz-border-radius:0px 0px 0px 0px;\nborder-radius:0px 0px 0px 0px;\npadding:0px 0px 0px 0px;\n}\n<\/style>\n<div class='flex_column av-av_one_half-25347b0a799d5b9f7058434b2a9c3182 av_one_half  avia-builder-el-21  el_after_av_one_third  avia-builder-el-last  first flex_column_div av-zero-column-padding column-top-margin'     ><\/div>","protected":false},"excerpt":{"rendered":"","protected":false},"author":5,"featured_media":0,"parent":0,"menu_order":0,"comment_status":"closed","ping_status":"closed","template":"","meta":{"footnotes":""},"class_list":["post-1738","page","type-page","status-publish","hentry"],"_links":{"self":[{"href":"https:\/\/roskildejob.dk\/sv\/wp-json\/wp\/v2\/pages\/1738","targetHints":{"allow":["GET"]}}],"collection":[{"href":"https:\/\/roskildejob.dk\/sv\/wp-json\/wp\/v2\/pages"}],"about":[{"href":"https:\/\/roskildejob.dk\/sv\/wp-json\/wp\/v2\/types\/page"}],"author":[{"embeddable":true,"href":"https:\/\/roskildejob.dk\/sv\/wp-json\/wp\/v2\/users\/5"}],"replies":[{"embeddable":true,"href":"https:\/\/roskildejob.dk\/sv\/wp-json\/wp\/v2\/comments?post=1738"}],"version-history":[{"count":2,"href":"https:\/\/roskildejob.dk\/sv\/wp-json\/wp\/v2\/pages\/1738\/revisions"}],"predecessor-version":[{"id":2231,"href":"https:\/\/roskildejob.dk\/sv\/wp-json\/wp\/v2\/pages\/1738\/revisions\/2231"}],"wp:attachment":[{"href":"https:\/\/roskildejob.dk\/sv\/wp-json\/wp\/v2\/media?parent=1738"}],"curies":[{"name":"wp","href":"https:\/\/api.w.org\/{rel}","templated":true}]}}