{"id":1787,"date":"2023-01-23T15:16:09","date_gmt":"2023-01-23T15:16:09","guid":{"rendered":"https:\/\/roskildejob.dk\/?page_id=1787"},"modified":"2026-01-05T17:22:43","modified_gmt":"2026-01-05T17:22:43","slug":"klub-roskildejob","status":"publish","type":"page","link":"https:\/\/roskildejob.dk\/sv\/klub-roskildejob\/","title":{"rendered":"Club Roskilde jobb"},"content":{"rendered":"<style type=\"text\/css\" data-created_by=\"avia_inline_auto\" id=\"style-css-av-44wz7f-db25b18eceb9730bbae842f4b1f4d64b\">\n.flex_column.av-44wz7f-db25b18eceb9730bbae842f4b1f4d64b{\n-webkit-border-radius:0px 0px 0px 0px;\n-moz-border-radius:0px 0px 0px 0px;\nborder-radius:0px 0px 0px 0px;\npadding:0px 0px 0px 0px;\n}\n<\/style>\n<div class='flex_column av-44wz7f-db25b18eceb9730bbae842f4b1f4d64b av_two_third  avia-builder-el-0  avia-builder-el-no-sibling  first flex_column_div av-zero-column-padding'     ><p>\n<style type=\"text\/css\" data-created_by=\"avia_inline_auto\" id=\"style-css-av-1zqrrv-d572babddb3e79298031deb0017f2058\">\n#top .av-special-heading.av-1zqrrv-d572babddb3e79298031deb0017f2058{\npadding-bottom:10px;\n}\nbody .av-special-heading.av-1zqrrv-d572babddb3e79298031deb0017f2058 .av-special-heading-tag .heading-char{\nfont-size:25px;\n}\n.av-special-heading.av-1zqrrv-d572babddb3e79298031deb0017f2058 .av-subheading{\nfont-size:15px;\n}\n<\/style>\n<div  class='av-special-heading av-1zqrrv-d572babddb3e79298031deb0017f2058 av-special-heading-h1  avia-builder-el-1  el_before_av_textblock  avia-builder-el-first'><h1 class='av-special-heading-tag'  itemprop=\"headline\"  >Club Roskilde jobb<\/h1><div class=\"special-heading-border\"><div class=\"special-heading-inner-border\"><\/div><\/div><\/div><br \/>\n<section  class='av_textblock_section av-ld8y94ql-fda2eb65946536bbfdec14392b6ff5e2'  itemscope=\"itemscope\" itemtype=\"https:\/\/schema.org\/CreativeWork\" ><div class='avia_textblock manchet'  itemprop=\"text\" ><p>Om du vill ha extra kul med alla andra volont\u00e4rer p\u00e5 #roskildejob? G\u00e5 d\u00e5 med i v\u00e5r volont\u00e4rklubb som vi kallar Klub-Roskildejob. \u00c4r du medlem i klubben erbjuder vi gratis \u00f6l och vatten i basen.<\/p>\n<\/div><\/section><br \/>\n<section  class='av_textblock_section av-ld8yazqs-e51beb6c7b2338d276d7963eef2fff47'  itemscope=\"itemscope\" itemtype=\"https:\/\/schema.org\/CreativeWork\" ><div class='avia_textblock'  itemprop=\"text\" ><p>Det \u00e4r enkelt att anm\u00e4la sig till Klub-Roskildejob. Skicka ett mail till <a href=\"mailto:info@roskildejob.dk\">info@roskildejob.dk<\/a>\u00a0och registrera och betala samtidigt <a href=\"https:\/\/www.mobilepay.dk\/erhverv\/betalingslink\/betalingslink-svar?phone=94819&amp;amount=125\" target=\"_blank\" rel=\"noopener\">300 kronor p\u00e5 Mobilepay till 94819<\/a>. Kom ih\u00e5g att skriva ditt namn p\u00e5 betalningen. D\u00e5 \u00e4r du medlem och kan f\u00f6rs\u00f6rja dig fritt.<\/p>\n<p>Du kan \u00e4ven anm\u00e4la dig n\u00e4r du kommer till festivalen och betala kontant.<\/p>\n<\/div><\/section><br \/>\n<section  class='av_textblock_section av-ld8ylq1m-6eff8d7b07757b4b2eadc5346d938230'  itemscope=\"itemscope\" itemtype=\"https:\/\/schema.org\/CreativeWork\" ><div class='avia_textblock'  itemprop=\"text\" ><h2>Betala till Klub-Roskildejob<\/h2>\n<\/div><\/section><br \/>\n\n<style type=\"text\/css\" data-created_by=\"avia_inline_auto\" id=\"style-css-av-ld8ykk8z-6bde46925f7ec3c804f7fc7f13637738\">\n.avia-image-container.av-ld8ykk8z-6bde46925f7ec3c804f7fc7f13637738 img.avia_image{\nbox-shadow:none;\n}\n.avia-image-container.av-ld8ykk8z-6bde46925f7ec3c804f7fc7f13637738 .av-image-caption-overlay-center{\ncolor:#ffffff;\n}\n<\/style>\n<div  class='avia-image-container av-ld8ykk8z-6bde46925f7ec3c804f7fc7f13637738 av-styling-no-styling avia-align-left  avia-builder-el-5  el_after_av_textblock  avia-builder-el-last'   itemprop=\"image\" itemscope=\"itemscope\" itemtype=\"https:\/\/schema.org\/ImageObject\" ><div class=\"avia-image-container-inner\"><div class=\"avia-image-overlay-wrap\"><a href=\"https:\/\/www.mobilepay.dk\/erhverv\/betalingslink\/betalingslink-svar?phone=94819&amp;amount=125\" class='avia_image' target=\"_blank\" rel=\"noopener noreferrer\"><img class='wp-image-1800 avia-img-lazy-loading-not-1800 avia_image lazyload' data-src='https:\/\/roskildejob.dk\/wp-content\/uploads\/2023\/01\/roskildejob-mobileoay.png' alt='Mobile pay link' title='roskildejob mobileoay'  height=\"281\" width=\"276\"  itemprop=\"thumbnailUrl\" src=\"data:image\/svg+xml;base64,PHN2ZyB3aWR0aD0iMSIgaGVpZ2h0PSIxIiB4bWxucz0iaHR0cDovL3d3dy53My5vcmcvMjAwMC9zdmciPjwvc3ZnPg==\" style=\"--smush-placeholder-width: 276px; --smush-placeholder-aspect-ratio: 276\/281;\" \/><\/a><\/div><\/div><\/div><\/p><\/div>","protected":false},"excerpt":{"rendered":"","protected":false},"author":4,"featured_media":0,"parent":0,"menu_order":0,"comment_status":"closed","ping_status":"closed","template":"","meta":{"footnotes":""},"class_list":["post-1787","page","type-page","status-publish","hentry"],"_links":{"self":[{"href":"https:\/\/roskildejob.dk\/sv\/wp-json\/wp\/v2\/pages\/1787","targetHints":{"allow":["GET"]}}],"collection":[{"href":"https:\/\/roskildejob.dk\/sv\/wp-json\/wp\/v2\/pages"}],"about":[{"href":"https:\/\/roskildejob.dk\/sv\/wp-json\/wp\/v2\/types\/page"}],"author":[{"embeddable":true,"href":"https:\/\/roskildejob.dk\/sv\/wp-json\/wp\/v2\/users\/4"}],"replies":[{"embeddable":true,"href":"https:\/\/roskildejob.dk\/sv\/wp-json\/wp\/v2\/comments?post=1787"}],"version-history":[{"count":10,"href":"https:\/\/roskildejob.dk\/sv\/wp-json\/wp\/v2\/pages\/1787\/revisions"}],"predecessor-version":[{"id":2232,"href":"https:\/\/roskildejob.dk\/sv\/wp-json\/wp\/v2\/pages\/1787\/revisions\/2232"}],"wp:attachment":[{"href":"https:\/\/roskildejob.dk\/sv\/wp-json\/wp\/v2\/media?parent=1787"}],"curies":[{"name":"wp","href":"https:\/\/api.w.org\/{rel}","templated":true}]}}