{"id":927,"date":"2020-01-31T09:44:17","date_gmt":"2020-01-31T09:44:17","guid":{"rendered":"https:\/\/roskildejob.dk\/?page_id=927"},"modified":"2022-12-29T17:43:19","modified_gmt":"2022-12-29T17:43:19","slug":"privatliv","status":"publish","type":"page","link":"https:\/\/roskildejob.dk\/sv\/privatliv\/","title":{"rendered":"Integritet"},"content":{"rendered":"<style type=\"text\/css\" data-created_by=\"avia_inline_auto\" id=\"style-css-av-b3fkn-5dc2d2e290ef7e7a1d53abd269f7a78f\">\n.flex_column.av-b3fkn-5dc2d2e290ef7e7a1d53abd269f7a78f{\n-webkit-border-radius:0px 0px 0px 0px;\n-moz-border-radius:0px 0px 0px 0px;\nborder-radius:0px 0px 0px 0px;\npadding:0px 0px 0px 0px;\n}\n<\/style>\n<div class='flex_column av-b3fkn-5dc2d2e290ef7e7a1d53abd269f7a78f av_two_third  avia-builder-el-0  avia-builder-el-no-sibling  first flex_column_div av-zero-column-padding'     ><p>\n<style type=\"text\/css\" data-created_by=\"avia_inline_auto\" id=\"style-css-av-av_heading-4581381e25605b2cab706722f1f90c77\">\n#top .av-special-heading.av-av_heading-4581381e25605b2cab706722f1f90c77{\npadding-bottom:10px;\n}\nbody .av-special-heading.av-av_heading-4581381e25605b2cab706722f1f90c77 .av-special-heading-tag .heading-char{\nfont-size:25px;\n}\n.av-special-heading.av-av_heading-4581381e25605b2cab706722f1f90c77 .av-subheading{\nfont-size:15px;\n}\n<\/style>\n<div  class='av-special-heading av-av_heading-4581381e25605b2cab706722f1f90c77 av-special-heading-h1  avia-builder-el-1  el_before_av_textblock  avia-builder-el-first'><h1 class='av-special-heading-tag'  itemprop=\"headline\"  >Integritet<\/h1><div class=\"special-heading-border\"><div class=\"special-heading-inner-border\"><\/div><\/div><\/div><br \/>\n<section  class='av_textblock_section av-k6qhk85a-435e5238833d711f854a93cd392c92e1'  itemscope=\"itemscope\" itemtype=\"https:\/\/schema.org\/CreativeWork\" ><div class='avia_textblock manchet'  itemprop=\"text\" ><p>#Roskildejob samlar ingen data om dig n\u00e4r du bes\u00f6ker denna webbplats. Alla personuppgifter hanteras av Roskilde Festival.<\/p>\n<\/div><\/section><br \/>\n<section  class='av_textblock_section av-k6qhldqq-b5a2bd1140c6cc634e6f14c0c4d03f22'  itemscope=\"itemscope\" itemtype=\"https:\/\/schema.org\/CreativeWork\" ><div class='avia_textblock'  itemprop=\"text\" ><p><span style=\"font-weight: 400;\">N\u00e4r du anm\u00e4ler dig som volont\u00e4r hos oss sker det i Roskilde Festivals system f\u00f6r volont\u00e4rer. Det \u00e4r ocks\u00e5 de som hanterar data \u00e5t oss.<\/span><\/p>\n<p><span style=\"font-weight: 400;\">Vi inleder bara de volont\u00e4rer som ing\u00e5r i v\u00e5rt tj\u00e4nstg\u00f6ringsschema.<\/span><\/p>\n<p><span style=\"font-weight: 400;\">&gt; <a href=\"https:\/\/www.roskilde-festival.dk\/da\/privacy-policy\/\" target=\"_blank\" rel=\"noopener noreferrer\">Se Roskilde Festivals integritetspolicy<\/a><\/span><\/p>\n<\/div><\/section><\/p><\/div>","protected":false},"excerpt":{"rendered":"","protected":false},"author":4,"featured_media":0,"parent":0,"menu_order":0,"comment_status":"closed","ping_status":"closed","template":"","meta":{"footnotes":""},"class_list":["post-927","page","type-page","status-publish","hentry"],"_links":{"self":[{"href":"https:\/\/roskildejob.dk\/sv\/wp-json\/wp\/v2\/pages\/927","targetHints":{"allow":["GET"]}}],"collection":[{"href":"https:\/\/roskildejob.dk\/sv\/wp-json\/wp\/v2\/pages"}],"about":[{"href":"https:\/\/roskildejob.dk\/sv\/wp-json\/wp\/v2\/types\/page"}],"author":[{"embeddable":true,"href":"https:\/\/roskildejob.dk\/sv\/wp-json\/wp\/v2\/users\/4"}],"replies":[{"embeddable":true,"href":"https:\/\/roskildejob.dk\/sv\/wp-json\/wp\/v2\/comments?post=927"}],"version-history":[{"count":5,"href":"https:\/\/roskildejob.dk\/sv\/wp-json\/wp\/v2\/pages\/927\/revisions"}],"predecessor-version":[{"id":2235,"href":"https:\/\/roskildejob.dk\/sv\/wp-json\/wp\/v2\/pages\/927\/revisions\/2235"}],"wp:attachment":[{"href":"https:\/\/roskildejob.dk\/sv\/wp-json\/wp\/v2\/media?parent=927"}],"curies":[{"name":"wp","href":"https:\/\/api.w.org\/{rel}","templated":true}]}}