{"id":930,"date":"2020-01-31T09:44:23","date_gmt":"2020-01-31T09:44:23","guid":{"rendered":"https:\/\/roskildejob.dk\/?page_id=930"},"modified":"2020-02-17T13:23:54","modified_gmt":"2020-02-17T13:23:54","slug":"kontakt","status":"publish","type":"page","link":"https:\/\/roskildejob.dk\/sv\/kontakt\/","title":{"rendered":"Kontakt"},"content":{"rendered":"<style type=\"text\/css\" data-created_by=\"avia_inline_auto\" id=\"style-css-av-6sek2-e0654e1c96be496396803b6acbd42d08\">\n.flex_column.av-6sek2-e0654e1c96be496396803b6acbd42d08{\n-webkit-border-radius:0px 0px 0px 0px;\n-moz-border-radius:0px 0px 0px 0px;\nborder-radius:0px 0px 0px 0px;\npadding:0px 0px 0px 0px;\n}\n<\/style>\n<div class='flex_column av-6sek2-e0654e1c96be496396803b6acbd42d08 av_two_third  avia-builder-el-0  avia-builder-el-no-sibling  first flex_column_div av-zero-column-padding'     ><p>\n<style type=\"text\/css\" data-created_by=\"avia_inline_auto\" id=\"style-css-av-av_heading-7155cdf1882b23e316783449b98daff7\">\n#top .av-special-heading.av-av_heading-7155cdf1882b23e316783449b98daff7{\npadding-bottom:10px;\n}\nbody .av-special-heading.av-av_heading-7155cdf1882b23e316783449b98daff7 .av-special-heading-tag .heading-char{\nfont-size:25px;\n}\n.av-special-heading.av-av_heading-7155cdf1882b23e316783449b98daff7 .av-subheading{\nfont-size:15px;\n}\n<\/style>\n<div  class='av-special-heading av-av_heading-7155cdf1882b23e316783449b98daff7 av-special-heading-h1  avia-builder-el-1  el_before_av_textblock  avia-builder-el-first'><h1 class='av-special-heading-tag'  itemprop=\"headline\"  >Kontakta oss<\/h1><div class=\"special-heading-border\"><div class=\"special-heading-inner-border\"><\/div><\/div><\/div><br \/>\n<section  class='av_textblock_section av-k6qhnmpi-4b8d9e4f3d8de08816d0f75d88fa7c56'  itemscope=\"itemscope\" itemtype=\"https:\/\/schema.org\/CreativeWork\" ><div class='avia_textblock manchet'  itemprop=\"text\" ><p>Om du har n\u00e5gra fr\u00e5gor till oss, v\u00e4nligen kontakta oss.<\/p>\n<\/div><\/section><br \/>\n<section  class='av_textblock_section av-k6qhofgj-76fec0524b57741e55ec336754ac1272'  itemscope=\"itemscope\" itemtype=\"https:\/\/schema.org\/CreativeWork\" ><div class='avia_textblock'  itemprop=\"text\" ><p><span style=\"font-weight: 400;\">Har du synpunkter, fr\u00e5gor eller liknande \u00e4r du varmt v\u00e4lkommen att kontakta oss p\u00e5<a href=\"mailto:info@roskildejob.dk\"> info@roskildejob.dk.<\/a><\/span><\/p>\n<p><span style=\"font-weight: 400;\">Du kan \u00e4ven ta kontakt med oss och l\u00e4sa nyheter och mer om v\u00e5rt arbete p\u00e5 v\u00e5r Facebooksida, <\/span><a href=\"http:\/\/www.facebook.com\/roskildejob\" target=\"_blank\" rel=\"noopener noreferrer\"><span style=\"font-weight: 400;\">www.facebook.com\/roskildejob<\/span><\/a><span style=\"font-weight: 400;\">.<\/span><\/p>\n<\/div><\/section><\/p><\/div>","protected":false},"excerpt":{"rendered":"","protected":false},"author":4,"featured_media":0,"parent":0,"menu_order":0,"comment_status":"closed","ping_status":"closed","template":"","meta":{"footnotes":""},"class_list":["post-930","page","type-page","status-publish","hentry"],"_links":{"self":[{"href":"https:\/\/roskildejob.dk\/sv\/wp-json\/wp\/v2\/pages\/930","targetHints":{"allow":["GET"]}}],"collection":[{"href":"https:\/\/roskildejob.dk\/sv\/wp-json\/wp\/v2\/pages"}],"about":[{"href":"https:\/\/roskildejob.dk\/sv\/wp-json\/wp\/v2\/types\/page"}],"author":[{"embeddable":true,"href":"https:\/\/roskildejob.dk\/sv\/wp-json\/wp\/v2\/users\/4"}],"replies":[{"embeddable":true,"href":"https:\/\/roskildejob.dk\/sv\/wp-json\/wp\/v2\/comments?post=930"}],"version-history":[{"count":4,"href":"https:\/\/roskildejob.dk\/sv\/wp-json\/wp\/v2\/pages\/930\/revisions"}],"predecessor-version":[{"id":2234,"href":"https:\/\/roskildejob.dk\/sv\/wp-json\/wp\/v2\/pages\/930\/revisions\/2234"}],"wp:attachment":[{"href":"https:\/\/roskildejob.dk\/sv\/wp-json\/wp\/v2\/media?parent=930"}],"curies":[{"name":"wp","href":"https:\/\/api.w.org\/{rel}","templated":true}]}}